{"id":788,"date":"2023-04-24T09:14:43","date_gmt":"2023-04-24T09:14:43","guid":{"rendered":"https:\/\/fr.b2b.systems\/?page_id=788"},"modified":"2023-07-17T10:36:02","modified_gmt":"2023-07-17T10:36:02","slug":"otros-servicios-adicionales","status":"publish","type":"page","link":"https:\/\/fr.b2b.systems\/?page_id=788","title":{"rendered":"Otros Servicios Adicionales"},"content":{"rendered":"\t\t<div data-elementor-type=\"wp-page\" data-elementor-id=\"788\" class=\"elementor elementor-788\">\n\t\t\t\t\t\t<section class=\"elementor-section elementor-top-section elementor-element elementor-element-a127562 elementor-section-height-min-height elementor-section-full_width elementor-section-stretched elementor-section-height-default elementor-section-items-middle\" data-id=\"a127562\" data-element_type=\"section\" data-settings=\"{&quot;background_background&quot;:&quot;classic&quot;,&quot;stretch_section&quot;:&quot;section-stretched&quot;}\">\n\t\t\t\t\t\t\t<div class=\"elementor-background-overlay\"><\/div>\n\t\t\t\t\t\t\t<div class=\"elementor-container elementor-column-gap-default\">\n\t\t\t\t\t<div class=\"elementor-column elementor-col-100 elementor-top-column elementor-element elementor-element-98d703a\" data-id=\"98d703a\" data-element_type=\"column\">\n\t\t\t<div class=\"elementor-widget-wrap elementor-element-populated\">\n\t\t\t\t\t\t<div class=\"elementor-element elementor-element-6b7382a elementor-widget elementor-widget-heading\" data-id=\"6b7382a\" data-element_type=\"widget\" data-widget_type=\"heading.default\">\n\t\t\t\t<div class=\"elementor-widget-container\">\n\t\t\t<style>\/*! elementor - v3.21.0 - 26-05-2024 *\/\n.elementor-heading-title{padding:0;margin:0;line-height:1}.elementor-widget-heading .elementor-heading-title[class*=elementor-size-]>a{color:inherit;font-size:inherit;line-height:inherit}.elementor-widget-heading .elementor-heading-title.elementor-size-small{font-size:15px}.elementor-widget-heading .elementor-heading-title.elementor-size-medium{font-size:19px}.elementor-widget-heading .elementor-heading-title.elementor-size-large{font-size:29px}.elementor-widget-heading .elementor-heading-title.elementor-size-xl{font-size:39px}.elementor-widget-heading .elementor-heading-title.elementor-size-xxl{font-size:59px}<\/style><h2 class=\"elementor-heading-title elementor-size-large\">Services Compl\u00e9mentaires<\/h2>\t\t<\/div>\n\t\t\t\t<\/div>\n\t\t\t\t\t<\/div>\n\t\t<\/div>\n\t\t\t\t\t<\/div>\n\t\t<\/section>\n\t\t\t\t<section class=\"elementor-section elementor-top-section elementor-element elementor-element-4685277e elementor-section-stretched elementor-section-boxed elementor-section-height-default elementor-section-height-default\" data-id=\"4685277e\" data-element_type=\"section\" data-settings=\"{&quot;stretch_section&quot;:&quot;section-stretched&quot;}\">\n\t\t\t\t\t\t<div class=\"elementor-container elementor-column-gap-default\">\n\t\t\t\t\t<div class=\"elementor-column elementor-col-50 elementor-top-column elementor-element elementor-element-2de8ece3\" data-id=\"2de8ece3\" data-element_type=\"column\">\n\t\t\t<div class=\"elementor-widget-wrap elementor-element-populated\">\n\t\t\t\t\t\t<div class=\"elementor-element elementor-element-00dae99 elementor-widget elementor-widget-image\" data-id=\"00dae99\" data-element_type=\"widget\" data-widget_type=\"image.default\">\n\t\t\t\t<div class=\"elementor-widget-container\">\n\t\t\t<style>\/*! elementor - v3.21.0 - 26-05-2024 *\/\n.elementor-widget-image{text-align:center}.elementor-widget-image a{display:inline-block}.elementor-widget-image a img[src$=\".svg\"]{width:48px}.elementor-widget-image img{vertical-align:middle;display:inline-block}<\/style>\t\t\t\t\t\t\t\t\t\t<img decoding=\"async\" width=\"150\" height=\"162\" src=\"https:\/\/fr.b2b.systems\/wp-content\/uploads\/2023\/04\/Servicios-Adicionales.png\" class=\"attachment-large size-large wp-image-219\" alt=\"\" \/>\t\t\t\t\t\t\t\t\t\t\t\t\t<\/div>\n\t\t\t\t<\/div>\n\t\t\t\t\t<\/div>\n\t\t<\/div>\n\t\t\t\t<div class=\"elementor-column elementor-col-50 elementor-top-column elementor-element elementor-element-3364503\" data-id=\"3364503\" data-element_type=\"column\">\n\t\t\t<div class=\"elementor-widget-wrap elementor-element-populated\">\n\t\t\t\t\t\t<div class=\"elementor-element elementor-element-8cc558f elementor-widget elementor-widget-text-editor\" data-id=\"8cc558f\" data-element_type=\"widget\" data-widget_type=\"text-editor.default\">\n\t\t\t\t<div class=\"elementor-widget-container\">\n\t\t\t<style>\/*! elementor - v3.21.0 - 26-05-2024 *\/\n.elementor-widget-text-editor.elementor-drop-cap-view-stacked .elementor-drop-cap{background-color:#69727d;color:#fff}.elementor-widget-text-editor.elementor-drop-cap-view-framed .elementor-drop-cap{color:#69727d;border:3px solid;background-color:transparent}.elementor-widget-text-editor:not(.elementor-drop-cap-view-default) .elementor-drop-cap{margin-top:8px}.elementor-widget-text-editor:not(.elementor-drop-cap-view-default) .elementor-drop-cap-letter{width:1em;height:1em}.elementor-widget-text-editor .elementor-drop-cap{float:left;text-align:center;line-height:1;font-size:50px}.elementor-widget-text-editor .elementor-drop-cap-letter{display:inline-block}<\/style>\t\t\t\t<p>Des services visant \u00e0 offrir une exp\u00e9rience personnalis\u00e9e r\u00e9pondant aux besoins les plus exigeants de nos clients et de leurs partenaires commerciaux.<\/p>\t\t\t\t\t\t<\/div>\n\t\t\t\t<\/div>\n\t\t\t\t\t<\/div>\n\t\t<\/div>\n\t\t\t\t\t<\/div>\n\t\t<\/section>\n\t\t\t\t<section class=\"elementor-section elementor-top-section elementor-element elementor-element-9a3ed52 elementor-section-stretched elementor-section-boxed elementor-section-height-default elementor-section-height-default\" data-id=\"9a3ed52\" data-element_type=\"section\" data-settings=\"{&quot;stretch_section&quot;:&quot;section-stretched&quot;}\">\n\t\t\t\t\t\t<div class=\"elementor-container elementor-column-gap-default\">\n\t\t\t\t\t<div class=\"elementor-column elementor-col-50 elementor-top-column elementor-element elementor-element-1c9f066c\" data-id=\"1c9f066c\" data-element_type=\"column\">\n\t\t\t<div class=\"elementor-widget-wrap elementor-element-populated\">\n\t\t\t\t\t\t<div class=\"elementor-element elementor-element-61887027 elementor-widget elementor-widget-text-editor\" data-id=\"61887027\" data-element_type=\"widget\" data-widget_type=\"text-editor.default\">\n\t\t\t\t<div class=\"elementor-widget-container\">\n\t\t\t\t\t\t\t<p>En plus de nos services standard de conseil, d&#8217;int\u00e9gration, de transfert et de transformation de fichiers et de reporting, nous proposons une gamme vari\u00e9e et flexible de services g\u00e9r\u00e9s afin de nous adapter aux besoins les plus exigeants de nos clients et de leurs partenaires commerciaux.<\/p><p>Nos services additionnels permettent \u00e0 nos clients de commencer \u00e0 travailler avec nos services de base et d&#8217;\u00e9voluer vers n&#8217;importe quel autre service en fonction de leurs besoins ou de l&#8217;\u00e9volution de leur activit\u00e9.<\/p>\t\t\t\t\t\t<\/div>\n\t\t\t\t<\/div>\n\t\t\t\t\t<\/div>\n\t\t<\/div>\n\t\t\t\t<div class=\"elementor-column elementor-col-50 elementor-top-column elementor-element elementor-element-2c859bd8\" data-id=\"2c859bd8\" data-element_type=\"column\">\n\t\t\t<div class=\"elementor-widget-wrap elementor-element-populated\">\n\t\t\t\t\t\t<div class=\"elementor-element elementor-element-719aca9 elementor-widget elementor-widget-image\" data-id=\"719aca9\" data-element_type=\"widget\" data-widget_type=\"image.default\">\n\t\t\t\t<div class=\"elementor-widget-container\">\n\t\t\t\t\t\t\t\t\t\t\t\t\t<img fetchpriority=\"high\" decoding=\"async\" width=\"575\" height=\"276\" src=\"https:\/\/fr.b2b.systems\/wp-content\/uploads\/2023\/04\/Aditional.jpg\" class=\"attachment-large size-large wp-image-801\" alt=\"\" srcset=\"https:\/\/fr.b2b.systems\/wp-content\/uploads\/2023\/04\/Aditional.jpg 575w, https:\/\/fr.b2b.systems\/wp-content\/uploads\/2023\/04\/Aditional-300x144.jpg 300w\" sizes=\"(max-width: 575px) 100vw, 575px\" \/>\t\t\t\t\t\t\t\t\t\t\t\t\t<\/div>\n\t\t\t\t<\/div>\n\t\t\t\t\t<\/div>\n\t\t<\/div>\n\t\t\t\t\t<\/div>\n\t\t<\/section>\n\t\t\t\t<section class=\"elementor-section elementor-top-section elementor-element elementor-element-6e1a37fa elementor-section-stretched elementor-section-boxed elementor-section-height-default elementor-section-height-default\" data-id=\"6e1a37fa\" data-element_type=\"section\" data-settings=\"{&quot;stretch_section&quot;:&quot;section-stretched&quot;}\">\n\t\t\t\t\t\t<div class=\"elementor-container elementor-column-gap-default\">\n\t\t\t\t\t<div class=\"elementor-column elementor-col-100 elementor-top-column elementor-element elementor-element-475ccb33\" data-id=\"475ccb33\" data-element_type=\"column\">\n\t\t\t<div class=\"elementor-widget-wrap elementor-element-populated\">\n\t\t\t\t\t\t<div class=\"elementor-element elementor-element-50dc9589 elementor-widget elementor-widget-text-editor\" data-id=\"50dc9589\" data-element_type=\"widget\" data-widget_type=\"text-editor.default\">\n\t\t\t\t<div class=\"elementor-widget-container\">\n\t\t\t\t\t\t\t<p><strong>Services suppl\u00e9mentaires, non inclus dans la redevance mensuelle :<\/strong><\/p>\t\t\t\t\t\t<\/div>\n\t\t\t\t<\/div>\n\t\t\t\t<div class=\"elementor-element elementor-element-30895e21 elementor-widget elementor-widget-text-editor\" data-id=\"30895e21\" data-element_type=\"widget\" data-widget_type=\"text-editor.default\">\n\t\t\t\t<div class=\"elementor-widget-container\">\n\t\t\t\t\t\t\t<ul>\n<li>Conception de rapports et de tableaux de bord configur\u00e9s et adapt\u00e9s aux besoins de chaque client et r\u00e9alisation d&#8217;\u00e9tudes analytiques<\/li>\n<li>Conception et envoi d&#8217;alertes SMS personnalis\u00e9es via des tableaux de bord personnalis\u00e9s pour surveiller les conditions du processus requis<\/li>\n<li>G\u00e9n\u00e9ration de certificats SSL via Let&#8217;s Encrypt<\/li>\n<li>Validation de la structure et du contenu des fichiers avant leur transformation<\/li>\n<li>R\u00e9paration des dates, afin que les transferts aient lieu conform\u00e9ment aux exigences du client, en tenant compte des jours ouvrables et des jours f\u00e9ri\u00e9s des partenaires commerciaux<\/li>\n<li>Contr\u00f4le des doublons configur\u00e9 \u00e0 trois niveaux : nom, contenu et\/ou hachage<\/li>\n<li>V\u00e9rification des certificats par rapport aux CRL (CERTIFICATE REVOCATION LIST)<\/li>\n<li>Services d&#8217;obscurcissement des donn\u00e9es sensibles et de cryptage des informations<\/li>\n<li>Regroupement et d\u00e9groupement de fichiers ou de documents<\/li>\n<li>Conservation des fichiers et des m\u00e9tadonn\u00e9es \u00e0 des fins d&#8217;audit<\/li>\n<li>Renommage de fichiers \u00e0 la discr\u00e9tion du client<\/li>\n<li>Notification des documents partiellement rejet\u00e9s avec reconstitution pour effectuer les ajustements n\u00e9cessaires<\/li>\n<li>Validation de la structure, du contenu, etc.<\/li>\n<\/ul>\t\t\t\t\t\t<\/div>\n\t\t\t\t<\/div>\n\t\t\t\t\t<\/div>\n\t\t<\/div>\n\t\t\t\t\t<\/div>\n\t\t<\/section>\n\t\t\t\t<section class=\"elementor-section elementor-top-section elementor-element elementor-element-62682d0f elementor-section-content-middle elementor-section-stretched elementor-section-boxed elementor-section-height-default elementor-section-height-default\" data-id=\"62682d0f\" data-element_type=\"section\" data-settings=\"{&quot;background_background&quot;:&quot;classic&quot;,&quot;stretch_section&quot;:&quot;section-stretched&quot;}\">\n\t\t\t\t\t\t<div class=\"elementor-container elementor-column-gap-no\">\n\t\t\t\t\t<div class=\"elementor-column elementor-col-100 elementor-top-column elementor-element elementor-element-5ca7faa\" data-id=\"5ca7faa\" data-element_type=\"column\">\n\t\t\t<div class=\"elementor-widget-wrap elementor-element-populated\">\n\t\t\t\t\t\t<div class=\"elementor-element elementor-element-2881cf92 elementor-widget elementor-widget-text-editor\" data-id=\"2881cf92\" data-element_type=\"widget\" data-widget_type=\"text-editor.default\">\n\t\t\t\t<div class=\"elementor-widget-container\">\n\t\t\t\t\t\t\t<p>Chaque client a besoin d&#8217;applications, d&#8217;infrastructures et de services sp\u00e9cifiques. Chez B2B Systems, nous concevons des solutions bas\u00e9es sur des services g\u00e9r\u00e9s adapt\u00e9s aux besoins r\u00e9els de nos clients, sans engendrer de co\u00fbts inutiles. Des solutions totalement s\u00e9curis\u00e9es pour le d\u00e9veloppement optimal de leur activit\u00e9 B2B et avec la garantie de l&#8217;adoption de leurs futures fonctionnalit\u00e9s.<\/p>\t\t\t\t\t\t<\/div>\n\t\t\t\t<\/div>\n\t\t\t\t<div class=\"elementor-element elementor-element-487f9cdb elementor-align-center elementor-mobile-align-left elementor-widget elementor-widget-button\" data-id=\"487f9cdb\" data-element_type=\"widget\" data-widget_type=\"button.default\">\n\t\t\t\t<div class=\"elementor-widget-container\">\n\t\t\t\t\t<div class=\"elementor-button-wrapper\">\n\t\t\t<a class=\"elementor-button elementor-button-link elementor-size-xs elementor-animation-grow\" href=\"https:\/\/fr.b2b.systems\/?page_id=810\">\n\t\t\t\t\t\t<span class=\"elementor-button-content-wrapper\">\n\t\t\t\t\t\t\t\t\t<span class=\"elementor-button-text\">Parle-t-on de services g\u00e9r\u00e9s ?<\/span>\n\t\t\t\t\t<\/span>\n\t\t\t\t\t<\/a>\n\t\t<\/div>\n\t\t\t\t<\/div>\n\t\t\t\t<\/div>\n\t\t\t\t\t<\/div>\n\t\t<\/div>\n\t\t\t\t\t<\/div>\n\t\t<\/section>\n\t\t\t\t<\/div>\n\t\t","protected":false},"excerpt":{"rendered":"<p>Services Compl\u00e9mentaires Des services visant \u00e0 offrir une exp\u00e9rience personnalis\u00e9e r\u00e9pondant aux besoins les plus exigeants de nos clients et de leurs partenaires commerciaux. En plus de nos services standard de conseil, d&#8217;int\u00e9gration, de transfert et de transformation de fichiers et de reporting, nous proposons une gamme vari\u00e9e et flexible de services g\u00e9r\u00e9s afin de [&hellip;]<\/p>\n","protected":false},"author":1,"featured_media":0,"parent":0,"menu_order":1,"comment_status":"closed","ping_status":"closed","template":"","meta":{"footnotes":""},"_links":{"self":[{"href":"https:\/\/fr.b2b.systems\/index.php?rest_route=\/wp\/v2\/pages\/788"}],"collection":[{"href":"https:\/\/fr.b2b.systems\/index.php?rest_route=\/wp\/v2\/pages"}],"about":[{"href":"https:\/\/fr.b2b.systems\/index.php?rest_route=\/wp\/v2\/types\/page"}],"author":[{"embeddable":true,"href":"https:\/\/fr.b2b.systems\/index.php?rest_route=\/wp\/v2\/users\/1"}],"replies":[{"embeddable":true,"href":"https:\/\/fr.b2b.systems\/index.php?rest_route=%2Fwp%2Fv2%2Fcomments&post=788"}],"version-history":[{"count":22,"href":"https:\/\/fr.b2b.systems\/index.php?rest_route=\/wp\/v2\/pages\/788\/revisions"}],"predecessor-version":[{"id":1261,"href":"https:\/\/fr.b2b.systems\/index.php?rest_route=\/wp\/v2\/pages\/788\/revisions\/1261"}],"wp:attachment":[{"href":"https:\/\/fr.b2b.systems\/index.php?rest_route=%2Fwp%2Fv2%2Fmedia&parent=788"}],"curies":[{"name":"wp","href":"https:\/\/api.w.org\/{rel}","templated":true}]}}