{"id":587,"date":"2023-04-21T08:44:23","date_gmt":"2023-04-21T08:44:23","guid":{"rendered":"https:\/\/fr.b2b.systems\/?page_id=587"},"modified":"2023-07-17T09:34:15","modified_gmt":"2023-07-17T09:34:15","slug":"servicios-de-integracion-b2b","status":"publish","type":"page","link":"https:\/\/fr.b2b.systems\/?page_id=587","title":{"rendered":"Servicios de Integraci\u00f3n B2B"},"content":{"rendered":"\t\t<div data-elementor-type=\"wp-page\" data-elementor-id=\"587\" class=\"elementor elementor-587\">\n\t\t\t\t\t\t<section class=\"elementor-section elementor-top-section elementor-element elementor-element-a127562 elementor-section-height-min-height elementor-section-full_width elementor-section-stretched elementor-section-height-default elementor-section-items-middle\" data-id=\"a127562\" data-element_type=\"section\" data-settings=\"{&quot;background_background&quot;:&quot;classic&quot;,&quot;stretch_section&quot;:&quot;section-stretched&quot;}\">\n\t\t\t\t\t\t\t<div class=\"elementor-background-overlay\"><\/div>\n\t\t\t\t\t\t\t<div class=\"elementor-container elementor-column-gap-default\">\n\t\t\t\t\t<div class=\"elementor-column elementor-col-100 elementor-top-column elementor-element elementor-element-98d703a\" data-id=\"98d703a\" data-element_type=\"column\">\n\t\t\t<div class=\"elementor-widget-wrap elementor-element-populated\">\n\t\t\t\t\t\t<div class=\"elementor-element elementor-element-6b7382a elementor-widget elementor-widget-heading\" data-id=\"6b7382a\" data-element_type=\"widget\" data-widget_type=\"heading.default\">\n\t\t\t\t<div class=\"elementor-widget-container\">\n\t\t\t<style>\/*! elementor - v3.21.0 - 26-05-2024 *\/\n.elementor-heading-title{padding:0;margin:0;line-height:1}.elementor-widget-heading .elementor-heading-title[class*=elementor-size-]>a{color:inherit;font-size:inherit;line-height:inherit}.elementor-widget-heading .elementor-heading-title.elementor-size-small{font-size:15px}.elementor-widget-heading .elementor-heading-title.elementor-size-medium{font-size:19px}.elementor-widget-heading .elementor-heading-title.elementor-size-large{font-size:29px}.elementor-widget-heading .elementor-heading-title.elementor-size-xl{font-size:39px}.elementor-widget-heading .elementor-heading-title.elementor-size-xxl{font-size:59px}<\/style><h2 class=\"elementor-heading-title elementor-size-large\">Services d\u2019Int\u00e9gration B2B<\/h2>\t\t<\/div>\n\t\t\t\t<\/div>\n\t\t\t\t\t<\/div>\n\t\t<\/div>\n\t\t\t\t\t<\/div>\n\t\t<\/section>\n\t\t\t\t<section class=\"elementor-section elementor-top-section elementor-element elementor-element-4685277e elementor-section-stretched elementor-section-boxed elementor-section-height-default elementor-section-height-default\" data-id=\"4685277e\" data-element_type=\"section\" data-settings=\"{&quot;stretch_section&quot;:&quot;section-stretched&quot;}\">\n\t\t\t\t\t\t<div class=\"elementor-container elementor-column-gap-default\">\n\t\t\t\t\t<div class=\"elementor-column elementor-col-50 elementor-top-column elementor-element elementor-element-2de8ece3\" data-id=\"2de8ece3\" data-element_type=\"column\">\n\t\t\t<div class=\"elementor-widget-wrap elementor-element-populated\">\n\t\t\t\t\t\t<div class=\"elementor-element elementor-element-00dae99 elementor-widget elementor-widget-image\" data-id=\"00dae99\" data-element_type=\"widget\" data-widget_type=\"image.default\">\n\t\t\t\t<div class=\"elementor-widget-container\">\n\t\t\t<style>\/*! elementor - v3.21.0 - 26-05-2024 *\/\n.elementor-widget-image{text-align:center}.elementor-widget-image a{display:inline-block}.elementor-widget-image a img[src$=\".svg\"]{width:48px}.elementor-widget-image img{vertical-align:middle;display:inline-block}<\/style>\t\t\t\t\t\t\t\t\t\t<img decoding=\"async\" width=\"150\" height=\"162\" src=\"https:\/\/fr.b2b.systems\/wp-content\/uploads\/2023\/04\/1rdc.png\" class=\"attachment-large size-large wp-image-210\" alt=\"\" \/>\t\t\t\t\t\t\t\t\t\t\t\t\t<\/div>\n\t\t\t\t<\/div>\n\t\t\t\t\t<\/div>\n\t\t<\/div>\n\t\t\t\t<div class=\"elementor-column elementor-col-50 elementor-top-column elementor-element elementor-element-3364503\" data-id=\"3364503\" data-element_type=\"column\">\n\t\t\t<div class=\"elementor-widget-wrap elementor-element-populated\">\n\t\t\t\t\t\t<div class=\"elementor-element elementor-element-8cc558f elementor-widget elementor-widget-text-editor\" data-id=\"8cc558f\" data-element_type=\"widget\" data-widget_type=\"text-editor.default\">\n\t\t\t\t<div class=\"elementor-widget-container\">\n\t\t\t<style>\/*! elementor - v3.21.0 - 26-05-2024 *\/\n.elementor-widget-text-editor.elementor-drop-cap-view-stacked .elementor-drop-cap{background-color:#69727d;color:#fff}.elementor-widget-text-editor.elementor-drop-cap-view-framed .elementor-drop-cap{color:#69727d;border:3px solid;background-color:transparent}.elementor-widget-text-editor:not(.elementor-drop-cap-view-default) .elementor-drop-cap{margin-top:8px}.elementor-widget-text-editor:not(.elementor-drop-cap-view-default) .elementor-drop-cap-letter{width:1em;height:1em}.elementor-widget-text-editor .elementor-drop-cap{float:left;text-align:center;line-height:1;font-size:50px}.elementor-widget-text-editor .elementor-drop-cap-letter{display:inline-block}<\/style>\t\t\t\t<p>Services g\u00e9r\u00e9s visant \u00e0 int\u00e9grer les partenaires commerciaux, \u00e0 g\u00e9rer les processus B2B et \u00e0 soutenir les partenaires commerciaux de nos clients.<\/p>\t\t\t\t\t\t<\/div>\n\t\t\t\t<\/div>\n\t\t\t\t\t<\/div>\n\t\t<\/div>\n\t\t\t\t\t<\/div>\n\t\t<\/section>\n\t\t\t\t<section class=\"elementor-section elementor-top-section elementor-element elementor-element-4c0cb7b elementor-section-stretched elementor-section-boxed elementor-section-height-default elementor-section-height-default\" data-id=\"4c0cb7b\" data-element_type=\"section\" data-settings=\"{&quot;stretch_section&quot;:&quot;section-stretched&quot;}\">\n\t\t\t\t\t\t<div class=\"elementor-container elementor-column-gap-default\">\n\t\t\t\t\t<div class=\"elementor-column elementor-col-50 elementor-top-column elementor-element elementor-element-8e1938f\" data-id=\"8e1938f\" data-element_type=\"column\">\n\t\t\t<div class=\"elementor-widget-wrap elementor-element-populated\">\n\t\t\t\t\t\t<div class=\"elementor-element elementor-element-fa60c42 elementor-widget elementor-widget-text-editor\" data-id=\"fa60c42\" data-element_type=\"widget\" data-widget_type=\"text-editor.default\">\n\t\t\t\t<div class=\"elementor-widget-container\">\n\t\t\t\t\t\t\t<p>Les services d&#8217;int\u00e9gration B2B permettent aux clients de transmettre des fichiers aux syst\u00e8mes B2B pour qu&#8217;ils soient convertis selon des m\u00e9thodes fond\u00e9es sur des r\u00e8gles commerciales fournies par le client et, \u00e0 leur tour, de les transmettre aux partenaires commerciaux du client.<\/p><p>De m\u00eame, les fichiers re\u00e7us des partenaires commerciaux seront convertis \u00e0 l&#8217;aide de m\u00e9thodologies bas\u00e9es sur des r\u00e8gles commerciales fournies par le client, dans le format indiqu\u00e9 par le client et transmis au client conform\u00e9ment aux instructions de ce dernier.<\/p>\t\t\t\t\t\t<\/div>\n\t\t\t\t<\/div>\n\t\t\t\t\t<\/div>\n\t\t<\/div>\n\t\t\t\t<div class=\"elementor-column elementor-col-50 elementor-top-column elementor-element elementor-element-76acb64\" data-id=\"76acb64\" data-element_type=\"column\">\n\t\t\t<div class=\"elementor-widget-wrap elementor-element-populated\">\n\t\t\t\t\t\t<div class=\"elementor-element elementor-element-ffb4ad3 elementor-widget elementor-widget-image\" data-id=\"ffb4ad3\" data-element_type=\"widget\" data-widget_type=\"image.default\">\n\t\t\t\t<div class=\"elementor-widget-container\">\n\t\t\t\t\t\t\t\t\t\t\t\t\t<img fetchpriority=\"high\" decoding=\"async\" width=\"580\" height=\"293\" src=\"https:\/\/fr.b2b.systems\/wp-content\/uploads\/2023\/04\/91683092_s-1.jpg\" class=\"attachment-large size-large wp-image-589\" alt=\"\" srcset=\"https:\/\/fr.b2b.systems\/wp-content\/uploads\/2023\/04\/91683092_s-1.jpg 974w, https:\/\/fr.b2b.systems\/wp-content\/uploads\/2023\/04\/91683092_s-1-300x152.jpg 300w, https:\/\/fr.b2b.systems\/wp-content\/uploads\/2023\/04\/91683092_s-1-768x388.jpg 768w\" sizes=\"(max-width: 580px) 100vw, 580px\" \/>\t\t\t\t\t\t\t\t\t\t\t\t\t<\/div>\n\t\t\t\t<\/div>\n\t\t\t\t\t<\/div>\n\t\t<\/div>\n\t\t\t\t\t<\/div>\n\t\t<\/section>\n\t\t\t\t<section class=\"elementor-section elementor-top-section elementor-element elementor-element-953a2b9 elementor-section-stretched elementor-section-boxed elementor-section-height-default elementor-section-height-default\" data-id=\"953a2b9\" data-element_type=\"section\" data-settings=\"{&quot;stretch_section&quot;:&quot;section-stretched&quot;}\">\n\t\t\t\t\t\t<div class=\"elementor-container elementor-column-gap-default\">\n\t\t\t\t\t<div class=\"elementor-column elementor-col-100 elementor-top-column elementor-element elementor-element-e263cba\" data-id=\"e263cba\" data-element_type=\"column\">\n\t\t\t<div class=\"elementor-widget-wrap elementor-element-populated\">\n\t\t\t\t\t\t<div class=\"elementor-element elementor-element-70742a0 elementor-widget elementor-widget-text-editor\" data-id=\"70742a0\" data-element_type=\"widget\" data-widget_type=\"text-editor.default\">\n\t\t\t\t<div class=\"elementor-widget-container\">\n\t\t\t\t\t\t\t<p><strong>Les services d&#8217;int\u00e9gration B2B sont inclus dans la redevance mensuelle :<\/strong><\/p>\t\t\t\t\t\t<\/div>\n\t\t\t\t<\/div>\n\t\t\t\t<div class=\"elementor-element elementor-element-da2a7e9 elementor-widget elementor-widget-text-editor\" data-id=\"da2a7e9\" data-element_type=\"widget\" data-widget_type=\"text-editor.default\">\n\t\t\t\t<div class=\"elementor-widget-container\">\n\t\t\t\t\t\t\t<ul><li>Gestion continue des besoins B2B, y compris :<ul><li>Services de transformation et d&#8217;encodage des fichiers et de validation des formats<\/li><li>Services de gestion de la communaut\u00e9 des partenaires commerciaux.\u00a0Test de la conformit\u00e9 de chaque partenaire commercial aux sp\u00e9cifications du client, par le biais de tests de bout en bout entre le partenaire commercial et le client.\u00a0Nos services comprennent la planification des tests, le suivi et la communication des r\u00e9sultats aux parties respectives pour qu&#8217;elles prennent les mesures correctives n\u00e9cessaires, la validation des tests r\u00e9ussis et la coordination de la date d&#8217;activation du service entre les parties<\/li><li>Services de visibilit\u00e9 et de contr\u00f4le des processus d&#8217;entreprise<\/li><li>Gestion de l&#8217;infrastructure et des communications<\/li><\/ul><\/li><li>Analyse et d\u00e9veloppement des sp\u00e9cifications des exigences de corr\u00e9lation<\/li><li>Gestion des processus commerciaux B2B, planification et gestion des versions<\/li><li>Assistance technique et services au client et \u00e0 sa communaut\u00e9 d&#8217;affaires<\/li><\/ul>\t\t\t\t\t\t<\/div>\n\t\t\t\t<\/div>\n\t\t\t\t\t<\/div>\n\t\t<\/div>\n\t\t\t\t\t<\/div>\n\t\t<\/section>\n\t\t\t\t<section class=\"elementor-section elementor-top-section elementor-element elementor-element-51c708e elementor-section-content-middle elementor-section-stretched elementor-section-boxed elementor-section-height-default elementor-section-height-default\" data-id=\"51c708e\" data-element_type=\"section\" data-settings=\"{&quot;background_background&quot;:&quot;classic&quot;,&quot;stretch_section&quot;:&quot;section-stretched&quot;}\">\n\t\t\t\t\t\t<div class=\"elementor-container elementor-column-gap-no\">\n\t\t\t\t\t<div class=\"elementor-column elementor-col-100 elementor-top-column elementor-element elementor-element-25104bbf\" data-id=\"25104bbf\" data-element_type=\"column\">\n\t\t\t<div class=\"elementor-widget-wrap elementor-element-populated\">\n\t\t\t\t\t\t<div class=\"elementor-element elementor-element-4e284a01 elementor-widget elementor-widget-text-editor\" data-id=\"4e284a01\" data-element_type=\"widget\" data-widget_type=\"text-editor.default\">\n\t\t\t\t<div class=\"elementor-widget-container\">\n\t\t\t\t\t\t\t<p>Chaque client a besoin d&#8217;applications, d&#8217;infrastructures et de services sp\u00e9cifiques. Chez B2B Systems, nous concevons des solutions bas\u00e9es sur des services g\u00e9r\u00e9s adapt\u00e9s aux besoins r\u00e9els de nos clients, sans engendrer de co\u00fbts inutiles. Des solutions totalement s\u00e9curis\u00e9es pour le d\u00e9veloppement optimal de leur activit\u00e9 B2B et avec la garantie de l&#8217;adoption de leurs futures fonctionnalit\u00e9s.<\/p>\t\t\t\t\t\t<\/div>\n\t\t\t\t<\/div>\n\t\t\t\t<div class=\"elementor-element elementor-element-5b01e405 elementor-align-center elementor-mobile-align-left elementor-widget elementor-widget-button\" data-id=\"5b01e405\" data-element_type=\"widget\" data-widget_type=\"button.default\">\n\t\t\t\t<div class=\"elementor-widget-container\">\n\t\t\t\t\t<div class=\"elementor-button-wrapper\">\n\t\t\t<a class=\"elementor-button elementor-button-link elementor-size-xs elementor-animation-grow\" href=\"https:\/\/fr.b2b.systems\/?page_id=810\">\n\t\t\t\t\t\t<span class=\"elementor-button-content-wrapper\">\n\t\t\t\t\t\t\t\t\t<span class=\"elementor-button-text\">Parle-t-on de services g\u00e9r\u00e9s ?<\/span>\n\t\t\t\t\t<\/span>\n\t\t\t\t\t<\/a>\n\t\t<\/div>\n\t\t\t\t<\/div>\n\t\t\t\t<\/div>\n\t\t\t\t\t<\/div>\n\t\t<\/div>\n\t\t\t\t\t<\/div>\n\t\t<\/section>\n\t\t\t\t<\/div>\n\t\t","protected":false},"excerpt":{"rendered":"<p>Services d\u2019Int\u00e9gration B2B Services g\u00e9r\u00e9s visant \u00e0 int\u00e9grer les partenaires commerciaux, \u00e0 g\u00e9rer les processus B2B et \u00e0 soutenir les partenaires commerciaux de nos clients. Les services d&#8217;int\u00e9gration B2B permettent aux clients de transmettre des fichiers aux syst\u00e8mes B2B pour qu&#8217;ils soient convertis selon des m\u00e9thodes fond\u00e9es sur des r\u00e8gles commerciales fournies par le client [&hellip;]<\/p>\n","protected":false},"author":1,"featured_media":0,"parent":0,"menu_order":1,"comment_status":"closed","ping_status":"closed","template":"","meta":{"footnotes":""},"_links":{"self":[{"href":"https:\/\/fr.b2b.systems\/index.php?rest_route=\/wp\/v2\/pages\/587"}],"collection":[{"href":"https:\/\/fr.b2b.systems\/index.php?rest_route=\/wp\/v2\/pages"}],"about":[{"href":"https:\/\/fr.b2b.systems\/index.php?rest_route=\/wp\/v2\/types\/page"}],"author":[{"embeddable":true,"href":"https:\/\/fr.b2b.systems\/index.php?rest_route=\/wp\/v2\/users\/1"}],"replies":[{"embeddable":true,"href":"https:\/\/fr.b2b.systems\/index.php?rest_route=%2Fwp%2Fv2%2Fcomments&post=587"}],"version-history":[{"count":19,"href":"https:\/\/fr.b2b.systems\/index.php?rest_route=\/wp\/v2\/pages\/587\/revisions"}],"predecessor-version":[{"id":1231,"href":"https:\/\/fr.b2b.systems\/index.php?rest_route=\/wp\/v2\/pages\/587\/revisions\/1231"}],"wp:attachment":[{"href":"https:\/\/fr.b2b.systems\/index.php?rest_route=%2Fwp%2Fv2%2Fmedia&parent=587"}],"curies":[{"name":"wp","href":"https:\/\/api.w.org\/{rel}","templated":true}]}}