{"id":1036,"date":"2023-04-25T09:17:04","date_gmt":"2023-04-25T09:17:04","guid":{"rendered":"https:\/\/fr.b2b.systems\/?page_id=1036"},"modified":"2023-07-17T09:08:13","modified_gmt":"2023-07-17T09:08:13","slug":"cookies","status":"publish","type":"page","link":"https:\/\/fr.b2b.systems\/?page_id=1036","title":{"rendered":"Cookies"},"content":{"rendered":"\t\t<div data-elementor-type=\"wp-page\" data-elementor-id=\"1036\" class=\"elementor elementor-1036\">\n\t\t\t\t\t\t<section class=\"elementor-section elementor-top-section elementor-element elementor-element-a127562 elementor-section-height-min-height elementor-section-full_width elementor-section-stretched elementor-section-height-default elementor-section-items-middle\" data-id=\"a127562\" data-element_type=\"section\" data-settings=\"{&quot;background_background&quot;:&quot;gradient&quot;,&quot;stretch_section&quot;:&quot;section-stretched&quot;}\">\n\t\t\t\t\t\t\t<div class=\"elementor-background-overlay\"><\/div>\n\t\t\t\t\t\t\t<div class=\"elementor-container elementor-column-gap-default\">\n\t\t\t\t\t<div class=\"elementor-column elementor-col-100 elementor-top-column elementor-element elementor-element-98d703a\" data-id=\"98d703a\" data-element_type=\"column\">\n\t\t\t<div class=\"elementor-widget-wrap elementor-element-populated\">\n\t\t\t\t\t\t<div class=\"elementor-element elementor-element-6b7382a elementor-widget elementor-widget-heading\" data-id=\"6b7382a\" data-element_type=\"widget\" data-widget_type=\"heading.default\">\n\t\t\t\t<div class=\"elementor-widget-container\">\n\t\t\t<style>\/*! elementor - v3.21.0 - 26-05-2024 *\/\n.elementor-heading-title{padding:0;margin:0;line-height:1}.elementor-widget-heading .elementor-heading-title[class*=elementor-size-]>a{color:inherit;font-size:inherit;line-height:inherit}.elementor-widget-heading .elementor-heading-title.elementor-size-small{font-size:15px}.elementor-widget-heading .elementor-heading-title.elementor-size-medium{font-size:19px}.elementor-widget-heading .elementor-heading-title.elementor-size-large{font-size:29px}.elementor-widget-heading .elementor-heading-title.elementor-size-xl{font-size:39px}.elementor-widget-heading .elementor-heading-title.elementor-size-xxl{font-size:59px}<\/style><h2 class=\"elementor-heading-title elementor-size-large\">Politique en Mati\u00e8re de Cookies<\/h2>\t\t<\/div>\n\t\t\t\t<\/div>\n\t\t\t\t\t<\/div>\n\t\t<\/div>\n\t\t\t\t\t<\/div>\n\t\t<\/section>\n\t\t\t\t<section class=\"elementor-section elementor-top-section elementor-element elementor-element-343d35a2 elementor-section-stretched elementor-section-boxed elementor-section-height-default elementor-section-height-default\" data-id=\"343d35a2\" data-element_type=\"section\" data-settings=\"{&quot;stretch_section&quot;:&quot;section-stretched&quot;}\">\n\t\t\t\t\t\t<div class=\"elementor-container elementor-column-gap-default\">\n\t\t\t\t\t<div class=\"elementor-column elementor-col-100 elementor-top-column elementor-element elementor-element-23ad08bb\" data-id=\"23ad08bb\" data-element_type=\"column\">\n\t\t\t<div class=\"elementor-widget-wrap elementor-element-populated\">\n\t\t\t\t\t\t<section class=\"elementor-section elementor-inner-section elementor-element elementor-element-7a509325 elementor-section-boxed elementor-section-height-default elementor-section-height-default\" data-id=\"7a509325\" data-element_type=\"section\">\n\t\t\t\t\t\t<div class=\"elementor-container elementor-column-gap-default\">\n\t\t\t\t\t<div class=\"elementor-column elementor-col-100 elementor-inner-column elementor-element elementor-element-3af85af\" data-id=\"3af85af\" data-element_type=\"column\">\n\t\t\t<div class=\"elementor-widget-wrap elementor-element-populated\">\n\t\t\t\t\t\t<div class=\"elementor-element elementor-element-5407249d elementor-widget elementor-widget-text-editor\" data-id=\"5407249d\" data-element_type=\"widget\" data-widget_type=\"text-editor.default\">\n\t\t\t\t<div class=\"elementor-widget-container\">\n\t\t\t<style>\/*! elementor - v3.21.0 - 26-05-2024 *\/\n.elementor-widget-text-editor.elementor-drop-cap-view-stacked .elementor-drop-cap{background-color:#69727d;color:#fff}.elementor-widget-text-editor.elementor-drop-cap-view-framed .elementor-drop-cap{color:#69727d;border:3px solid;background-color:transparent}.elementor-widget-text-editor:not(.elementor-drop-cap-view-default) .elementor-drop-cap{margin-top:8px}.elementor-widget-text-editor:not(.elementor-drop-cap-view-default) .elementor-drop-cap-letter{width:1em;height:1em}.elementor-widget-text-editor .elementor-drop-cap{float:left;text-align:center;line-height:1;font-size:50px}.elementor-widget-text-editor .elementor-drop-cap-letter{display:inline-block}<\/style>\t\t\t\t<p>Conform\u00e9ment \u00e0 la loi 34\/2002, du 11 juillet, sur les services de la soci\u00e9t\u00e9 de l&#8217;information et le\u00a0commerce \u00e9lectronique (LSSI), en relation avec le r\u00e8glement (UE) 2016\/679 du Parlement\u00a0europ\u00e9en et du Conseil, du 27 avril 2016, R\u00e8glement g\u00e9n\u00e9ral sur la protection des donn\u00e9es <br \/>(RGPD) et la loi organique 3\/2018, du 5 d\u00e9cembre, sur la protection des donn\u00e9es et la garantie\u00a0des droits num\u00e9riques (LOPDGDD), il est obligatoire d&#8217;obtenir le consentement expr\u00e8s de\u00a0l&#8217;utilisateur de tous les sites web qui utilisent des cookies dispensables, avant que l&#8217;utilisateur\u00a0ne les navigue.<\/p><h4>QU&#8217;EST-CE QUE LES COOKIES ?<\/h4><p>Les cookies et autres technologies similaires, telles que les objets locaux partag\u00e9s, les\u00a0cookies flash ou les pixels, sont des outils utilis\u00e9s par les serveurs Web pour stocker et\u00a0r\u00e9cup\u00e9rer des informations sur leurs visiteurs, ainsi que pour assurer le bon\u00a0fonctionnement du site.<\/p><p>L&#8217;utilisation de ces dispositifs permet au serveur Web de se souvenir de certaines\u00a0donn\u00e9es concernant l&#8217;utilisateur, telles que vos pr\u00e9f\u00e9rences pour la consultation des\u00a0pages de ce serveur, votre nom et votre mot de passe, les produits qui vous\u00a0int\u00e9ressent le plus, etc.<\/p><h4>LES COOKIES CONCERN\u00c9S PAR LE R\u00c8GLEMENT ET LES COOKIES EXCEPT\u00c9S<\/h4><p>Selon la directive europ\u00e9enne, les cookies qui n\u00e9cessitent le consentement \u00e9clair\u00e9 de\u00a0l&#8217;utilisateur sont les cookies analytiques et les cookies de publicit\u00e9 et d&#8217;affiliation, \u00e0\u00a0l&#8217;exception de ceux \u00e0 caract\u00e8re technique et de ceux n\u00e9cessaires au fonctionnement\u00a0du site web ou \u00e0 la fourniture de services express\u00e9ment demand\u00e9s par l&#8217;utilisateur.<\/p><h4>TYPES DE COOKIES<\/h4><p><strong>SELON LE BUT RECHERCH\u00c9 <\/strong><\/p>\t\t\t\t\t\t<\/div>\n\t\t\t\t<\/div>\n\t\t\t\t<div class=\"elementor-element elementor-element-167fc837 elementor-widget elementor-widget-text-editor\" data-id=\"167fc837\" data-element_type=\"widget\" data-widget_type=\"text-editor.default\">\n\t\t\t\t<div class=\"elementor-widget-container\">\n\t\t\t\t\t\t\t<ul><li><strong>Cookies techniques et fonctionnels :<\/strong> sont celles qui permettent \u00e0 l&#8217;utilisateur\u00a0de naviguer sont celles qui permettent \u00e0 l&#8217;utilisateur de naviguer sur un site web, une plateforme ou une application et d&#8217;utiliser les diff\u00e9rentes options ou services qui y existent.<\/li><li><strong>Cookies analytiques :<\/strong> sont ceux qui permettent \u00e0 la partie responsable de suivre et d&#8217;analyser le comportement des utilisateurs des sites web auxquels ils sont li\u00e9s. Les informations recueillies par ce type de cookies sont utilis\u00e9es pour mesurer l&#8217;activit\u00e9 des sites web, de l&#8217;application ou de la plateforme et pour l&#8217;\u00e9laboration de profils de navigation des utilisateurs de ces sites, applications et plateformes, afin d&#8217;introduire des am\u00e9liorations bas\u00e9es sur l&#8217;analyse des donn\u00e9es d&#8217;utilisation des utilisateurs du service.<\/li><li><strong>Cookies publicitaires :<\/strong> sont celles qui permettent de g\u00e9rer, de la mani\u00e8re la plus\u00a0efficace possible, les espaces publicitaires que, le cas \u00e9ch\u00e9ant, l&#8217;\u00e9diteur a inclus\u00a0sur un site web, une application ou une plateforme \u00e0 partir desquels il fournit le <br \/>service demand\u00e9, en fonction de crit\u00e8res tels que le contenu \u00e9dit\u00e9 ou la\u00a0fr\u00e9quence d&#8217;affichage des annonces.<\/li><li><strong>Cookies de publicit\u00e9 comportementale :<\/strong> recueillir des informations sur les\u00a0pr\u00e9f\u00e9rences et les choix personnels de l&#8217;utilisateur (reciblage) pour permettre la\u00a0gestion, de la mani\u00e8re la plus efficace possible, des espaces publicitaires que, le\u00a0cas \u00e9ch\u00e9ant, l&#8217;\u00e9diteur a inclus sur un site web, une application ou une\u00a0plateforme \u00e0 partir desquels il fournit le service demand\u00e9.<\/li><li><strong>Cookies sociaux :<\/strong> sont mis en place par les plateformes de m\u00e9dias sociaux sur\u00a0les services pour vous permettre de partager du contenu avec vos amis et vos\u00a0r\u00e9seaux. Les plateformes de m\u00e9dias sociaux ont la possibilit\u00e9 de suivre votre\u00a0activit\u00e9 en ligne en dehors des services. Cela peut affecter le contenu et les\u00a0messages que vous voyez sur d&#8217;autres services que vous visitez.<\/li><li><strong>Cookies des affili\u00e9s :<\/strong> vous permettre de suivre les visites d&#8217;autres sites web avec\u00a0lesquels le site web a un contrat d&#8217;affiliation (soci\u00e9t\u00e9s d&#8217;affiliation).<\/li><li><strong>Cookies de s\u00e9curit\u00e9 :<\/strong> stockent des informations crypt\u00e9es pour \u00e9viter que les\u00a0donn\u00e9es qui y sont stock\u00e9es ne soient vuln\u00e9rables aux attaques malveillantes\u00a0de tiers.\u00a0<\/li><\/ul>\t\t\t\t\t\t<\/div>\n\t\t\t\t<\/div>\n\t\t\t\t<div class=\"elementor-element elementor-element-681f487c elementor-widget elementor-widget-text-editor\" data-id=\"681f487c\" data-element_type=\"widget\" data-widget_type=\"text-editor.default\">\n\t\t\t\t<div class=\"elementor-widget-container\">\n\t\t\t\t\t\t\t<p><strong>SELON LA PROPRI\u00c9T\u00c9<\/strong><\/p>\t\t\t\t\t\t<\/div>\n\t\t\t\t<\/div>\n\t\t\t\t<div class=\"elementor-element elementor-element-2edd11c0 elementor-widget elementor-widget-text-editor\" data-id=\"2edd11c0\" data-element_type=\"widget\" data-widget_type=\"text-editor.default\">\n\t\t\t\t<div class=\"elementor-widget-container\">\n\t\t\t\t\t\t\t<ul><li><strong>Cookies premi\u00e8re partie :<\/strong> sont celles qui sont envoy\u00e9es \u00e0 l&#8217;\u00e9quipement terminal de\u00a0l&#8217;utilisateur depuis un ordinateur ou un domaine g\u00e9r\u00e9 par l&#8217;\u00e9diteur lui-m\u00eame et\u00a0\u00e0 partir duquel le service demand\u00e9 par l&#8217;utilisateur est fourni.<\/li><li><strong>Cookies de tiers :<\/strong> sont ceux qui sont envoy\u00e9s \u00e0 l&#8217;\u00e9quipement terminal de\u00a0l&#8217;utilisateur depuis un ordinateur ou un domaine qui n&#8217;est pas g\u00e9r\u00e9 par\u00a0l&#8217;\u00e9diteur, mais par une autre entit\u00e9 qui traite les donn\u00e9es obtenues par le biais\u00a0des cookies.<\/li><\/ul>\t\t\t\t\t\t<\/div>\n\t\t\t\t<\/div>\n\t\t\t\t<div class=\"elementor-element elementor-element-16225a93 elementor-widget elementor-widget-text-editor\" data-id=\"16225a93\" data-element_type=\"widget\" data-widget_type=\"text-editor.default\">\n\t\t\t\t<div class=\"elementor-widget-container\">\n\t\t\t\t\t\t\t<p><strong>EN FONCTION DE LA DUR\u00c9E DE CONSERVATION<\/strong><\/p>\t\t\t\t\t\t<\/div>\n\t\t\t\t<\/div>\n\t\t\t\t<div class=\"elementor-element elementor-element-c4f651a elementor-widget elementor-widget-text-editor\" data-id=\"c4f651a\" data-element_type=\"widget\" data-widget_type=\"text-editor.default\">\n\t\t\t\t<div class=\"elementor-widget-container\">\n\t\t\t\t\t\t\t<ul><li><strong>Cookies de session:<\/strong> sont un type de cookies con\u00e7us pour collecter et stocker\u00a0des donn\u00e9es pendant que l&#8217;utilisateur acc\u00e8de \u00e0 une page web.<\/li><li><strong>Cookies persistants :<\/strong> sont un type de cookie dans lequel les donn\u00e9es restent\u00a0stock\u00e9es dans le terminal et peuvent \u00eatre consult\u00e9es et trait\u00e9es pendant une\u00a0p\u00e9riode d\u00e9finie par la partie responsable du cookie, qui peut aller de quelques <br \/>minutes \u00e0 plusieurs ann\u00e9es.<\/li><\/ul>\t\t\t\t\t\t<\/div>\n\t\t\t\t<\/div>\n\t\t\t\t\t<\/div>\n\t\t<\/div>\n\t\t\t\t\t<\/div>\n\t\t<\/section>\n\t\t\t\t<div class=\"elementor-element elementor-element-3f576b38 elementor-widget elementor-widget-text-editor\" data-id=\"3f576b38\" data-element_type=\"widget\" data-widget_type=\"text-editor.default\">\n\t\t\t\t<div class=\"elementor-widget-container\">\n\t\t\t\t\t\t\t<h4>LE TRAITEMENT DES DONN\u00c9ES PERSONNELLES<\/h4><p><strong>B2B SOLUTIONS, SLU<\/strong> est le Responsable du traitement des donn\u00e9es \u00e0 caract\u00e8re\u00a0personnel de la Personne concern\u00e9e et vous informe que ces donn\u00e9es seront trait\u00e9es\u00a0conform\u00e9ment aux dispositions du R\u00e8glement (UE) 2016\/679 du 27 avril 2016 (GDPR),\u00a0pour lequel les informations de traitement suivantes vous sont fournies.:<\/p><p><strong>Objectifs du traitement :<\/strong> comme indiqu\u00e9 dans la section sur les cookies utilis\u00e9s sur ce\u00a0site web.<\/p><p><strong>L\u00e9gitimit\u00e9 du traitement :<\/strong> par consentement de la personne concern\u00e9e (art. 6.1 GDPR).<\/p><p><strong>Crit\u00e8res de conservation des donn\u00e9es :<\/strong> comme indiqu\u00e9 dans la section sur les cookies\u00a0utilis\u00e9s sur le web.<\/p><p><strong>Communication des donn\u00e9es :<\/strong> Les donn\u00e9es ne seront pas communiqu\u00e9es \u00e0 des tiers,\u00a0sauf dans le cadre de cookies appartenant \u00e0 des tiers ou par obligation l\u00e9gale.<\/p><p><strong>Droits de l&#8217;int\u00e9ress\u00e9 :\u00a0<\/strong><\/p>\t\t\t\t\t\t<\/div>\n\t\t\t\t<\/div>\n\t\t\t\t<div class=\"elementor-element elementor-element-beba7ea elementor-widget elementor-widget-text-editor\" data-id=\"beba7ea\" data-element_type=\"widget\" data-widget_type=\"text-editor.default\">\n\t\t\t\t<div class=\"elementor-widget-container\">\n\t\t\t\t\t\t\t<ul><li><p>Droit de retirer le consentement \u00e0 tout moment.<\/p><\/li><li><p>Droit d&#8217;acc\u00e8s, de rectification, de portabilit\u00e9 et d&#8217;effacement de vos donn\u00e9es, et\u00a0de limitation ou d&#8217;opposition \u00e0 leur traitement.<\/p><\/li><li><p>Le droit d&#8217;introduire une plainte aupr\u00e8s de l&#8217;autorit\u00e9 de surveillance\u00a0(www.aepd.es) si vous estimez que le traitement n&#8217;est pas conforme \u00e0 la\u00a0r\u00e9glementation en vigueur.<\/p><\/li><\/ul>\t\t\t\t\t\t<\/div>\n\t\t\t\t<\/div>\n\t\t\t\t<div class=\"elementor-element elementor-element-1f63dc3b elementor-widget elementor-widget-text-editor\" data-id=\"1f63dc3b\" data-element_type=\"widget\" data-widget_type=\"text-editor.default\">\n\t\t\t\t<div class=\"elementor-widget-container\">\n\t\t\t\t\t\t\t<p><strong>Coordonn\u00e9es pour exercer vos droits<\/strong> :<\/p><p><strong>B2B SOLUTIONS,<\/strong> <strong>SLU.<\/strong> Calle Velazquez, 157 1 &#8211; 28002 Madrid (Madrid).\u00a0<br \/><strong>E-mail:<\/strong> lopd@b2b.solutions<\/p>\t\t\t\t\t\t<\/div>\n\t\t\t\t<\/div>\n\t\t\t\t\t<\/div>\n\t\t<\/div>\n\t\t\t\t\t<\/div>\n\t\t<\/section>\n\t\t\t\t<section class=\"elementor-section elementor-top-section elementor-element elementor-element-60a7b7df elementor-section-stretched elementor-section-boxed elementor-section-height-default elementor-section-height-default\" data-id=\"60a7b7df\" data-element_type=\"section\" data-settings=\"{&quot;stretch_section&quot;:&quot;section-stretched&quot;,&quot;background_background&quot;:&quot;classic&quot;}\">\n\t\t\t\t\t\t<div class=\"elementor-container elementor-column-gap-default\">\n\t\t\t\t\t<div class=\"elementor-column elementor-col-100 elementor-top-column elementor-element elementor-element-4cd471d8\" data-id=\"4cd471d8\" data-element_type=\"column\">\n\t\t\t<div class=\"elementor-widget-wrap elementor-element-populated\">\n\t\t\t\t\t\t<div class=\"elementor-element elementor-element-1736a738 elementor-widget elementor-widget-text-editor\" data-id=\"1736a738\" data-element_type=\"widget\" data-widget_type=\"text-editor.default\">\n\t\t\t\t<div class=\"elementor-widget-container\">\n\t\t\t\t\t\t\t<h4>COOKIES UTILIS\u00c9S SUR CE SITE WEB<br><\/h4>\t\t\t\t\t\t<\/div>\n\t\t\t\t<\/div>\n\t\t\t\t<div class=\"elementor-element elementor-element-395d963e elementor-widget elementor-widget-text-editor\" data-id=\"395d963e\" data-element_type=\"widget\" data-widget_type=\"text-editor.default\">\n\t\t\t\t<div class=\"elementor-widget-container\">\n\t\t\t\t\t\t\t<h5><strong>SELON LA <span style=\"color: var( --e-global-color-text );\">P\u00c9RIODE DE STOCKAGE<\/span><\/strong><\/h5>\t\t\t\t\t\t<\/div>\n\t\t\t\t<\/div>\n\t\t\t\t<div class=\"elementor-element elementor-element-4838a05d elementor-widget elementor-widget-text-editor\" data-id=\"4838a05d\" data-element_type=\"widget\" data-widget_type=\"text-editor.default\">\n\t\t\t\t<div class=\"elementor-widget-container\">\n\t\t\t\t\t\t\t<p><strong><span style=\"color: var( --e-global-color-text );\">TECHNIQUE ET FONCTIONNELLE<\/span><\/strong><\/p>\t\t\t\t\t\t<\/div>\n\t\t\t\t<\/div>\n\t\t\t\t<div class=\"elementor-element elementor-element-bb27c5e elementor-widget elementor-widget-image\" data-id=\"bb27c5e\" data-element_type=\"widget\" data-widget_type=\"image.default\">\n\t\t\t\t<div class=\"elementor-widget-container\">\n\t\t\t<style>\/*! elementor - v3.21.0 - 26-05-2024 *\/\n.elementor-widget-image{text-align:center}.elementor-widget-image a{display:inline-block}.elementor-widget-image a img[src$=\".svg\"]{width:48px}.elementor-widget-image img{vertical-align:middle;display:inline-block}<\/style>\t\t\t\t\t\t\t\t\t\t<img fetchpriority=\"high\" decoding=\"async\" width=\"580\" height=\"240\" src=\"https:\/\/fr.b2b.systems\/wp-content\/uploads\/2023\/07\/ScreenShot_20230717104242-1024x424.png\" class=\"attachment-large size-large wp-image-1205\" alt=\"\" srcset=\"https:\/\/fr.b2b.systems\/wp-content\/uploads\/2023\/07\/ScreenShot_20230717104242-1024x424.png 1024w, https:\/\/fr.b2b.systems\/wp-content\/uploads\/2023\/07\/ScreenShot_20230717104242-300x124.png 300w, https:\/\/fr.b2b.systems\/wp-content\/uploads\/2023\/07\/ScreenShot_20230717104242-768x318.png 768w, https:\/\/fr.b2b.systems\/wp-content\/uploads\/2023\/07\/ScreenShot_20230717104242.png 1141w\" sizes=\"(max-width: 580px) 100vw, 580px\" \/>\t\t\t\t\t\t\t\t\t\t\t\t\t<\/div>\n\t\t\t\t<\/div>\n\t\t\t\t<div class=\"elementor-element elementor-element-4cc5b44a elementor-widget elementor-widget-text-editor\" data-id=\"4cc5b44a\" data-element_type=\"widget\" data-widget_type=\"text-editor.default\">\n\t\t\t\t<div class=\"elementor-widget-container\">\n\t\t\t\t\t\t\t<p><strong>PUBLICIT\u00c9<\/strong>\u00a0<\/p>\t\t\t\t\t\t<\/div>\n\t\t\t\t<\/div>\n\t\t\t\t<div class=\"elementor-element elementor-element-fb7b7a7 elementor-widget elementor-widget-image\" data-id=\"fb7b7a7\" data-element_type=\"widget\" data-widget_type=\"image.default\">\n\t\t\t\t<div class=\"elementor-widget-container\">\n\t\t\t\t\t\t\t\t\t\t\t\t\t<img decoding=\"async\" width=\"580\" height=\"76\" src=\"https:\/\/fr.b2b.systems\/wp-content\/uploads\/2023\/07\/ScreenShot_20230717104248-1024x134.png\" class=\"attachment-large size-large wp-image-1216\" alt=\"\" srcset=\"https:\/\/fr.b2b.systems\/wp-content\/uploads\/2023\/07\/ScreenShot_20230717104248-1024x134.png 1024w, https:\/\/fr.b2b.systems\/wp-content\/uploads\/2023\/07\/ScreenShot_20230717104248-300x39.png 300w, https:\/\/fr.b2b.systems\/wp-content\/uploads\/2023\/07\/ScreenShot_20230717104248-768x100.png 768w, https:\/\/fr.b2b.systems\/wp-content\/uploads\/2023\/07\/ScreenShot_20230717104248.png 1141w\" sizes=\"(max-width: 580px) 100vw, 580px\" \/>\t\t\t\t\t\t\t\t\t\t\t\t\t<\/div>\n\t\t\t\t<\/div>\n\t\t\t\t<div class=\"elementor-element elementor-element-2bd0be61 elementor-widget elementor-widget-text-editor\" data-id=\"2bd0be61\" data-element_type=\"widget\" data-widget_type=\"text-editor.default\">\n\t\t\t\t<div class=\"elementor-widget-container\">\n\t\t\t\t\t\t\t<h5>COOKIES DE TIERS<\/h5>\t\t\t\t\t\t<\/div>\n\t\t\t\t<\/div>\n\t\t\t\t<div class=\"elementor-element elementor-element-43ae4fc3 elementor-widget elementor-widget-text-editor\" data-id=\"43ae4fc3\" data-element_type=\"widget\" data-widget_type=\"text-editor.default\">\n\t\t\t\t<div class=\"elementor-widget-container\">\n\t\t\t\t\t\t\t<p>Les services tiers \u00e9chappent au contr\u00f4le de l&#8217;\u00e9diteur. Les fournisseurs peuvent modifier \u00e0 tout&nbsp;moment leurs conditions de service, de finalit\u00e9 et d&#8217;utilisation des cookies, etc.<\/p><p>Fournisseurs externes de ce site web :<\/p>\t\t\t\t\t\t<\/div>\n\t\t\t\t<\/div>\n\t\t\t\t<div class=\"elementor-element elementor-element-36fa724 elementor-widget elementor-widget-image\" data-id=\"36fa724\" data-element_type=\"widget\" data-widget_type=\"image.default\">\n\t\t\t\t<div class=\"elementor-widget-container\">\n\t\t\t\t\t\t\t\t\t\t\t\t\t<img decoding=\"async\" width=\"580\" height=\"83\" src=\"https:\/\/fr.b2b.systems\/wp-content\/uploads\/2023\/07\/ScreenShot_20230717104255-1024x147.png\" class=\"attachment-large size-large wp-image-1217\" alt=\"\" srcset=\"https:\/\/fr.b2b.systems\/wp-content\/uploads\/2023\/07\/ScreenShot_20230717104255-1024x147.png 1024w, https:\/\/fr.b2b.systems\/wp-content\/uploads\/2023\/07\/ScreenShot_20230717104255-300x43.png 300w, https:\/\/fr.b2b.systems\/wp-content\/uploads\/2023\/07\/ScreenShot_20230717104255-768x110.png 768w, https:\/\/fr.b2b.systems\/wp-content\/uploads\/2023\/07\/ScreenShot_20230717104255.png 1048w\" sizes=\"(max-width: 580px) 100vw, 580px\" \/>\t\t\t\t\t\t\t\t\t\t\t\t\t<\/div>\n\t\t\t\t<\/div>\n\t\t\t\t<div class=\"elementor-element elementor-element-7a45a2ee elementor-widget elementor-widget-text-editor\" data-id=\"7a45a2ee\" data-element_type=\"widget\" data-widget_type=\"text-editor.default\">\n\t\t\t\t<div class=\"elementor-widget-container\">\n\t\t\t\t\t\t\t<h5>PANNEAU DE CONFIGURATION DES COOKIES<\/h5>\t\t\t\t\t\t<\/div>\n\t\t\t\t<\/div>\n\t\t\t\t<div class=\"elementor-element elementor-element-3bc903f9 elementor-widget elementor-widget-text-editor\" data-id=\"3bc903f9\" data-element_type=\"widget\" data-widget_type=\"text-editor.default\">\n\t\t\t\t<div class=\"elementor-widget-container\">\n\t\t\t\t\t\t\t<p style=\"font-weight: 400;\">Depuis ce panneau, vous pouvez param\u00e9trer les cookies que le site web peut installer sur votre navigateur, \u00e0 l&#8217;exception des cookies techniques ou fonctionnels n\u00e9cessaires \u00e0 la navigation et \u00e0 l&#8217;utilisation des diff\u00e9rentes options ou services propos\u00e9s.<\/p>\t\t\t\t\t\t<\/div>\n\t\t\t\t<\/div>\n\t\t\t\t<div class=\"elementor-element elementor-element-144908cf elementor-widget elementor-widget-text-editor\" data-id=\"144908cf\" data-element_type=\"widget\" data-widget_type=\"text-editor.default\">\n\t\t\t\t<div class=\"elementor-widget-container\">\n\t\t\t\t\t\t\t<p><strong>COMMENT G\u00c9RER LES COOKIES DEPUIS VOTRE NAVIGATEUR<\/strong><\/p>\t\t\t\t\t\t<\/div>\n\t\t\t\t<\/div>\n\t\t\t\t<div class=\"elementor-element elementor-element-0569250 elementor-widget elementor-widget-image\" data-id=\"0569250\" data-element_type=\"widget\" data-widget_type=\"image.default\">\n\t\t\t\t<div class=\"elementor-widget-container\">\n\t\t\t\t\t\t\t\t\t\t\t\t\t<img loading=\"lazy\" decoding=\"async\" width=\"580\" height=\"233\" src=\"https:\/\/fr.b2b.systems\/wp-content\/uploads\/2023\/07\/ScreenShot_20230717110540-1024x411.png\" class=\"attachment-large size-large wp-image-1219\" alt=\"\" srcset=\"https:\/\/fr.b2b.systems\/wp-content\/uploads\/2023\/07\/ScreenShot_20230717110540-1024x411.png 1024w, https:\/\/fr.b2b.systems\/wp-content\/uploads\/2023\/07\/ScreenShot_20230717110540-300x120.png 300w, https:\/\/fr.b2b.systems\/wp-content\/uploads\/2023\/07\/ScreenShot_20230717110540-768x308.png 768w, https:\/\/fr.b2b.systems\/wp-content\/uploads\/2023\/07\/ScreenShot_20230717110540.png 1047w\" sizes=\"(max-width: 580px) 100vw, 580px\" \/>\t\t\t\t\t\t\t\t\t\t\t\t\t<\/div>\n\t\t\t\t<\/div>\n\t\t\t\t<div class=\"elementor-element elementor-element-490efb2d elementor-widget elementor-widget-text-editor\" data-id=\"490efb2d\" data-element_type=\"widget\" data-widget_type=\"text-editor.default\">\n\t\t\t\t<div class=\"elementor-widget-container\">\n\t\t\t\t\t\t\t<p><strong>COMMENT G\u00c9RER LES COOKIES DEPUIS VOTRE NAVIGATEUR<\/strong><\/p>\t\t\t\t\t\t<\/div>\n\t\t\t\t<\/div>\n\t\t\t\t<div class=\"elementor-element elementor-element-835c8c8 elementor-widget elementor-widget-image\" data-id=\"835c8c8\" data-element_type=\"widget\" data-widget_type=\"image.default\">\n\t\t\t\t<div class=\"elementor-widget-container\">\n\t\t\t\t\t\t\t\t\t\t\t\t\t<img loading=\"lazy\" decoding=\"async\" width=\"580\" height=\"196\" src=\"https:\/\/fr.b2b.systems\/wp-content\/uploads\/2023\/07\/ScreenShot_20230717110550-1024x346.png\" class=\"attachment-large size-large wp-image-1220\" alt=\"\" srcset=\"https:\/\/fr.b2b.systems\/wp-content\/uploads\/2023\/07\/ScreenShot_20230717110550-1024x346.png 1024w, https:\/\/fr.b2b.systems\/wp-content\/uploads\/2023\/07\/ScreenShot_20230717110550-300x101.png 300w, https:\/\/fr.b2b.systems\/wp-content\/uploads\/2023\/07\/ScreenShot_20230717110550-768x259.png 768w, https:\/\/fr.b2b.systems\/wp-content\/uploads\/2023\/07\/ScreenShot_20230717110550.png 1066w\" sizes=\"(max-width: 580px) 100vw, 580px\" \/>\t\t\t\t\t\t\t\t\t\t\t\t\t<\/div>\n\t\t\t\t<\/div>\n\t\t\t\t\t<\/div>\n\t\t<\/div>\n\t\t\t\t\t<\/div>\n\t\t<\/section>\n\t\t\t\t<\/div>\n\t\t","protected":false},"excerpt":{"rendered":"<p>Politique en Mati\u00e8re de Cookies Conform\u00e9ment \u00e0 la loi 34\/2002, du 11 juillet, sur les services de la soci\u00e9t\u00e9 de l&#8217;information et le\u00a0commerce \u00e9lectronique (LSSI), en relation avec le r\u00e8glement (UE) 2016\/679 du Parlement\u00a0europ\u00e9en et du Conseil, du 27 avril 2016, R\u00e8glement g\u00e9n\u00e9ral sur la protection des donn\u00e9es (RGPD) et la loi organique 3\/2018, du [&hellip;]<\/p>\n","protected":false},"author":1,"featured_media":0,"parent":0,"menu_order":1,"comment_status":"closed","ping_status":"closed","template":"","meta":{"footnotes":""},"_links":{"self":[{"href":"https:\/\/fr.b2b.systems\/index.php?rest_route=\/wp\/v2\/pages\/1036"}],"collection":[{"href":"https:\/\/fr.b2b.systems\/index.php?rest_route=\/wp\/v2\/pages"}],"about":[{"href":"https:\/\/fr.b2b.systems\/index.php?rest_route=\/wp\/v2\/types\/page"}],"author":[{"embeddable":true,"href":"https:\/\/fr.b2b.systems\/index.php?rest_route=\/wp\/v2\/users\/1"}],"replies":[{"embeddable":true,"href":"https:\/\/fr.b2b.systems\/index.php?rest_route=%2Fwp%2Fv2%2Fcomments&post=1036"}],"version-history":[{"count":31,"href":"https:\/\/fr.b2b.systems\/index.php?rest_route=\/wp\/v2\/pages\/1036\/revisions"}],"predecessor-version":[{"id":1223,"href":"https:\/\/fr.b2b.systems\/index.php?rest_route=\/wp\/v2\/pages\/1036\/revisions\/1223"}],"wp:attachment":[{"href":"https:\/\/fr.b2b.systems\/index.php?rest_route=%2Fwp%2Fv2%2Fmedia&parent=1036"}],"curies":[{"name":"wp","href":"https:\/\/api.w.org\/{rel}","templated":true}]}}