{"id":1029,"date":"2023-04-25T09:14:47","date_gmt":"2023-04-25T09:14:47","guid":{"rendered":"https:\/\/fr.b2b.systems\/?page_id=1029"},"modified":"2023-07-17T08:58:07","modified_gmt":"2023-07-17T08:58:07","slug":"politica-privacidad-2","status":"publish","type":"page","link":"https:\/\/fr.b2b.systems\/?page_id=1029","title":{"rendered":"Seguridad de la informaci\u00f3n"},"content":{"rendered":"\t\t<div data-elementor-type=\"wp-page\" data-elementor-id=\"1029\" class=\"elementor elementor-1029\">\n\t\t\t\t\t\t<section class=\"elementor-section elementor-top-section elementor-element elementor-element-a127562 elementor-section-height-min-height elementor-section-full_width elementor-section-stretched elementor-section-height-default elementor-section-items-middle\" data-id=\"a127562\" data-element_type=\"section\" data-settings=\"{&quot;background_background&quot;:&quot;gradient&quot;,&quot;stretch_section&quot;:&quot;section-stretched&quot;}\">\n\t\t\t\t\t\t\t<div class=\"elementor-background-overlay\"><\/div>\n\t\t\t\t\t\t\t<div class=\"elementor-container elementor-column-gap-default\">\n\t\t\t\t\t<div class=\"elementor-column elementor-col-100 elementor-top-column elementor-element elementor-element-98d703a\" data-id=\"98d703a\" data-element_type=\"column\">\n\t\t\t<div class=\"elementor-widget-wrap elementor-element-populated\">\n\t\t\t\t\t\t<div class=\"elementor-element elementor-element-6b7382a elementor-widget elementor-widget-heading\" data-id=\"6b7382a\" data-element_type=\"widget\" data-widget_type=\"heading.default\">\n\t\t\t\t<div class=\"elementor-widget-container\">\n\t\t\t<style>\/*! elementor - v3.21.0 - 26-05-2024 *\/\n.elementor-heading-title{padding:0;margin:0;line-height:1}.elementor-widget-heading .elementor-heading-title[class*=elementor-size-]>a{color:inherit;font-size:inherit;line-height:inherit}.elementor-widget-heading .elementor-heading-title.elementor-size-small{font-size:15px}.elementor-widget-heading .elementor-heading-title.elementor-size-medium{font-size:19px}.elementor-widget-heading .elementor-heading-title.elementor-size-large{font-size:29px}.elementor-widget-heading .elementor-heading-title.elementor-size-xl{font-size:39px}.elementor-widget-heading .elementor-heading-title.elementor-size-xxl{font-size:59px}<\/style><h2 class=\"elementor-heading-title elementor-size-large\">Politique de S\u00e9curit\u00e9 de l'Information<\/h2>\t\t<\/div>\n\t\t\t\t<\/div>\n\t\t\t\t\t<\/div>\n\t\t<\/div>\n\t\t\t\t\t<\/div>\n\t\t<\/section>\n\t\t\t\t<section class=\"elementor-section elementor-top-section elementor-element elementor-element-6b024b85 elementor-section-stretched elementor-section-boxed elementor-section-height-default elementor-section-height-default\" data-id=\"6b024b85\" data-element_type=\"section\" data-settings=\"{&quot;stretch_section&quot;:&quot;section-stretched&quot;}\">\n\t\t\t\t\t\t<div class=\"elementor-container elementor-column-gap-default\">\n\t\t\t\t\t<div class=\"elementor-column elementor-col-100 elementor-top-column elementor-element elementor-element-1e27c97b\" data-id=\"1e27c97b\" data-element_type=\"column\">\n\t\t\t<div class=\"elementor-widget-wrap elementor-element-populated\">\n\t\t\t\t\t\t<section class=\"elementor-section elementor-inner-section elementor-element elementor-element-79b3c2b elementor-section-boxed elementor-section-height-default elementor-section-height-default\" data-id=\"79b3c2b\" data-element_type=\"section\">\n\t\t\t\t\t\t<div class=\"elementor-container elementor-column-gap-default\">\n\t\t\t\t\t<div class=\"elementor-column elementor-col-100 elementor-inner-column elementor-element elementor-element-1d7561ce\" data-id=\"1d7561ce\" data-element_type=\"column\">\n\t\t\t<div class=\"elementor-widget-wrap elementor-element-populated\">\n\t\t\t\t\t\t<div class=\"elementor-element elementor-element-446dcba9 elementor-widget elementor-widget-text-editor\" data-id=\"446dcba9\" data-element_type=\"widget\" data-widget_type=\"text-editor.default\">\n\t\t\t\t<div class=\"elementor-widget-container\">\n\t\t\t<style>\/*! elementor - v3.21.0 - 26-05-2024 *\/\n.elementor-widget-text-editor.elementor-drop-cap-view-stacked .elementor-drop-cap{background-color:#69727d;color:#fff}.elementor-widget-text-editor.elementor-drop-cap-view-framed .elementor-drop-cap{color:#69727d;border:3px solid;background-color:transparent}.elementor-widget-text-editor:not(.elementor-drop-cap-view-default) .elementor-drop-cap{margin-top:8px}.elementor-widget-text-editor:not(.elementor-drop-cap-view-default) .elementor-drop-cap-letter{width:1em;height:1em}.elementor-widget-text-editor .elementor-drop-cap{float:left;text-align:center;line-height:1;font-size:50px}.elementor-widget-text-editor .elementor-drop-cap-letter{display:inline-block}<\/style>\t\t\t\t<p style=\"font-weight: 400;\">En raison de notre <strong>Activit\u00e9 de Conseil en Logiciels<\/strong> (depuis l&#8217;installation et la\u00a0configuration des produits achet\u00e9s par le client jusqu&#8217;au conseil, l&#8217;audit, la conception\u00a0et le d\u00e9veloppement de logiciels, les d\u00e9veloppements additionnels au produit pour\u00a0&#8220;personnaliser&#8221; les outils, entre autres), chez <strong>B2B SOLUTIONS<\/strong> nous sommes conscients\u00a0que l&#8217;information est un actif de grande valeur tant pour notre organisation que pour\u00a0nos clients et qu&#8217;elle n\u00e9cessite donc une protection et une gestion ad\u00e9quates afin\u00a0d&#8217;assurer la continuit\u00e9 de notre activit\u00e9 et de minimiser les dommages \u00e9ventuels\u00a0caus\u00e9s par des d\u00e9faillances en mati\u00e8re d&#8217;int\u00e9grit\u00e9, de disponibilit\u00e9 et de confidentialit\u00e9\u00a0de l&#8217;information.<\/p><p style=\"font-weight: 400;\">Pour tout cela, <strong>B2B SOLUTIONS<\/strong> acquiert les engagements suivants :\u00a0<\/p>\t\t\t\t\t\t<\/div>\n\t\t\t\t<\/div>\n\t\t\t\t<div class=\"elementor-element elementor-element-57a4a7ab elementor-widget elementor-widget-text-editor\" data-id=\"57a4a7ab\" data-element_type=\"widget\" data-widget_type=\"text-editor.default\">\n\t\t\t\t<div class=\"elementor-widget-container\">\n\t\t\t\t\t\t\t<ul><li style=\"font-weight: 400;\">La volont\u00e9 p\u00e9renne de <strong>B2B SOLUTIONS<\/strong> en mati\u00e8re de gestion de la s\u00e9curit\u00e9 de l&#8217;information se manifestera par des programmes de formation et de sensibilisation qui favorisent une gestion participative dans ces domaines,\u00a0permettant d&#8217;utiliser les comp\u00e9tences du personnel pour une am\u00e9lioration\u00a0continue du processus de production.<\/li><li style=\"font-weight: 400;\">Afin de garantir le d\u00e9veloppement de ses activit\u00e9s dans le cadre des r\u00e8gles et\u00a0r\u00e8glements applicables, elle se conformera \u00e0 la l\u00e9gislation, ainsi qu&#8217;aux autres exigences souscrites aupr\u00e8s de ses clients, y compris celles relatives \u00e0 la s\u00e9curit\u00e9<br \/>de l&#8217;information.<\/li><li style=\"font-weight: 400;\">Respecter les exigences et am\u00e9liorer en permanence l&#8217;efficacit\u00e9 du syst\u00e8me de\u00a0gestion de la s\u00e9curit\u00e9 de l&#8217;information, par la mise en place de syst\u00e8mes de\u00a0mesure et de suivi des solutions et des d\u00e9veloppements r\u00e9alis\u00e9s pour nos clients,\u00a0ainsi que des objectifs de s\u00e9curit\u00e9 de l&#8217;information.<\/li><li style=\"font-weight: 400;\">Assurer la continuit\u00e9 des activit\u00e9s en \u00e9laborant des plans de continuit\u00e9\u00a0conform\u00e9ment aux m\u00e9thodologies reconnues.<\/li><li style=\"font-weight: 400;\">Effectuer et revoir p\u00e9riodiquement une analyse des risques bas\u00e9e sur des\u00a0m\u00e9thodes reconnues qui nous permettent d&#8217;\u00e9tablir le niveau de s\u00e9curit\u00e9 des\u00a0informations et de minimiser les risques gr\u00e2ce \u00e0 l&#8217;\u00e9laboration de politiques\u00a0sp\u00e9cifiques, de solutions techniques et d&#8217;accords contractuels avec des\u00a0organisations sp\u00e9cialis\u00e9es.<\/li><li style=\"font-weight: 400;\">Le personnel de<strong> B2B SOLUTIONS<\/strong> d\u00e9veloppera son travail orient\u00e9 vers la\u00a0r\u00e9alisation des objectifs fix\u00e9s et en accord, \u00e0 tout moment, avec les exigences\u00a0l\u00e9gales.<\/li><\/ul>\t\t\t\t\t\t<\/div>\n\t\t\t\t<\/div>\n\t\t\t\t<div class=\"elementor-element elementor-element-5a56b1bc elementor-widget elementor-widget-text-editor\" data-id=\"5a56b1bc\" data-element_type=\"widget\" data-widget_type=\"text-editor.default\">\n\t\t\t\t<div class=\"elementor-widget-container\">\n\t\t\t\t\t\t\t<p style=\"font-weight: 400;\">La pr\u00e9sente politique sera r\u00e9vis\u00e9e au plus tard une fois par an.<\/p><p style=\"font-weight: 400;\"><br \/>Equipe de Gestion<\/p><p style=\"font-weight: 400;\">\u00a0 \u00a0 \u00a0 \u00a010\/08\/2020\u00a0<\/p>\t\t\t\t\t\t<\/div>\n\t\t\t\t<\/div>\n\t\t\t\t\t<\/div>\n\t\t<\/div>\n\t\t\t\t\t<\/div>\n\t\t<\/section>\n\t\t\t\t\t<\/div>\n\t\t<\/div>\n\t\t\t\t\t<\/div>\n\t\t<\/section>\n\t\t\t\t<\/div>\n\t\t","protected":false},"excerpt":{"rendered":"<p>Politique de S\u00e9curit\u00e9 de l&#8217;Information En raison de notre Activit\u00e9 de Conseil en Logiciels (depuis l&#8217;installation et la\u00a0configuration des produits achet\u00e9s par le client jusqu&#8217;au conseil, l&#8217;audit, la conception\u00a0et le d\u00e9veloppement de logiciels, les d\u00e9veloppements additionnels au produit pour\u00a0&#8220;personnaliser&#8221; les outils, entre autres), chez B2B SOLUTIONS nous sommes conscients\u00a0que l&#8217;information est un actif de grande [&hellip;]<\/p>\n","protected":false},"author":1,"featured_media":0,"parent":0,"menu_order":1,"comment_status":"closed","ping_status":"closed","template":"","meta":{"footnotes":""},"_links":{"self":[{"href":"https:\/\/fr.b2b.systems\/index.php?rest_route=\/wp\/v2\/pages\/1029"}],"collection":[{"href":"https:\/\/fr.b2b.systems\/index.php?rest_route=\/wp\/v2\/pages"}],"about":[{"href":"https:\/\/fr.b2b.systems\/index.php?rest_route=\/wp\/v2\/types\/page"}],"author":[{"embeddable":true,"href":"https:\/\/fr.b2b.systems\/index.php?rest_route=\/wp\/v2\/users\/1"}],"replies":[{"embeddable":true,"href":"https:\/\/fr.b2b.systems\/index.php?rest_route=%2Fwp%2Fv2%2Fcomments&post=1029"}],"version-history":[{"count":8,"href":"https:\/\/fr.b2b.systems\/index.php?rest_route=\/wp\/v2\/pages\/1029\/revisions"}],"predecessor-version":[{"id":1203,"href":"https:\/\/fr.b2b.systems\/index.php?rest_route=\/wp\/v2\/pages\/1029\/revisions\/1203"}],"wp:attachment":[{"href":"https:\/\/fr.b2b.systems\/index.php?rest_route=%2Fwp%2Fv2%2Fmedia&parent=1029"}],"curies":[{"name":"wp","href":"https:\/\/api.w.org\/{rel}","templated":true}]}}