{"id":1023,"date":"2023-04-25T09:11:56","date_gmt":"2023-04-25T09:11:56","guid":{"rendered":"https:\/\/fr.b2b.systems\/?page_id=1023"},"modified":"2023-07-17T08:56:40","modified_gmt":"2023-07-17T08:56:40","slug":"politica-privacidad","status":"publish","type":"page","link":"https:\/\/fr.b2b.systems\/?page_id=1023","title":{"rendered":"Politica Privacidad"},"content":{"rendered":"\t\t<div data-elementor-type=\"wp-page\" data-elementor-id=\"1023\" class=\"elementor elementor-1023\">\n\t\t\t\t\t\t<section class=\"elementor-section elementor-top-section elementor-element elementor-element-a127562 elementor-section-height-min-height elementor-section-full_width elementor-section-stretched elementor-section-height-default elementor-section-items-middle\" data-id=\"a127562\" data-element_type=\"section\" data-settings=\"{&quot;background_background&quot;:&quot;gradient&quot;,&quot;stretch_section&quot;:&quot;section-stretched&quot;}\">\n\t\t\t\t\t\t\t<div class=\"elementor-background-overlay\"><\/div>\n\t\t\t\t\t\t\t<div class=\"elementor-container elementor-column-gap-default\">\n\t\t\t\t\t<div class=\"elementor-column elementor-col-100 elementor-top-column elementor-element elementor-element-98d703a\" data-id=\"98d703a\" data-element_type=\"column\">\n\t\t\t<div class=\"elementor-widget-wrap elementor-element-populated\">\n\t\t\t\t\t\t<div class=\"elementor-element elementor-element-6b7382a elementor-widget elementor-widget-heading\" data-id=\"6b7382a\" data-element_type=\"widget\" data-widget_type=\"heading.default\">\n\t\t\t\t<div class=\"elementor-widget-container\">\n\t\t\t<style>\/*! elementor - v3.21.0 - 26-05-2024 *\/\n.elementor-heading-title{padding:0;margin:0;line-height:1}.elementor-widget-heading .elementor-heading-title[class*=elementor-size-]>a{color:inherit;font-size:inherit;line-height:inherit}.elementor-widget-heading .elementor-heading-title.elementor-size-small{font-size:15px}.elementor-widget-heading .elementor-heading-title.elementor-size-medium{font-size:19px}.elementor-widget-heading .elementor-heading-title.elementor-size-large{font-size:29px}.elementor-widget-heading .elementor-heading-title.elementor-size-xl{font-size:39px}.elementor-widget-heading .elementor-heading-title.elementor-size-xxl{font-size:59px}<\/style><h2 class=\"elementor-heading-title elementor-size-large\">Politique de Confidentialit\u00e9<\/h2>\t\t<\/div>\n\t\t\t\t<\/div>\n\t\t\t\t\t<\/div>\n\t\t<\/div>\n\t\t\t\t\t<\/div>\n\t\t<\/section>\n\t\t\t\t<section class=\"elementor-section elementor-top-section elementor-element elementor-element-3336806e elementor-section-stretched elementor-section-boxed elementor-section-height-default elementor-section-height-default\" data-id=\"3336806e\" data-element_type=\"section\" data-settings=\"{&quot;stretch_section&quot;:&quot;section-stretched&quot;}\">\n\t\t\t\t\t\t<div class=\"elementor-container elementor-column-gap-default\">\n\t\t\t\t\t<div class=\"elementor-column elementor-col-100 elementor-top-column elementor-element elementor-element-e9ec80f\" data-id=\"e9ec80f\" data-element_type=\"column\">\n\t\t\t<div class=\"elementor-widget-wrap elementor-element-populated\">\n\t\t\t\t\t\t<section class=\"elementor-section elementor-inner-section elementor-element elementor-element-4a6d73bd elementor-section-boxed elementor-section-height-default elementor-section-height-default\" data-id=\"4a6d73bd\" data-element_type=\"section\">\n\t\t\t\t\t\t<div class=\"elementor-container elementor-column-gap-default\">\n\t\t\t\t\t<div class=\"elementor-column elementor-col-100 elementor-inner-column elementor-element elementor-element-4ccebaa4\" data-id=\"4ccebaa4\" data-element_type=\"column\">\n\t\t\t<div class=\"elementor-widget-wrap elementor-element-populated\">\n\t\t\t\t\t\t<div class=\"elementor-element elementor-element-69d4a1e6 elementor-widget elementor-widget-text-editor\" data-id=\"69d4a1e6\" data-element_type=\"widget\" data-widget_type=\"text-editor.default\">\n\t\t\t\t<div class=\"elementor-widget-container\">\n\t\t\t<style>\/*! elementor - v3.21.0 - 26-05-2024 *\/\n.elementor-widget-text-editor.elementor-drop-cap-view-stacked .elementor-drop-cap{background-color:#69727d;color:#fff}.elementor-widget-text-editor.elementor-drop-cap-view-framed .elementor-drop-cap{color:#69727d;border:3px solid;background-color:transparent}.elementor-widget-text-editor:not(.elementor-drop-cap-view-default) .elementor-drop-cap{margin-top:8px}.elementor-widget-text-editor:not(.elementor-drop-cap-view-default) .elementor-drop-cap-letter{width:1em;height:1em}.elementor-widget-text-editor .elementor-drop-cap{float:left;text-align:center;line-height:1;font-size:50px}.elementor-widget-text-editor .elementor-drop-cap-letter{display:inline-block}<\/style>\t\t\t\t<h4>1. INFORMATIONS SUR L&#8217;UTILISATEUR<\/h4><p><strong>B2B SOLUTIONS, SLU<\/strong>, ci-apr\u00e8s RESPONSABLE, est responsable du traitement des donn\u00e9es \u00e0 caract\u00e8re personnel de l&#8217;Utilisateur et vous informe que ces donn\u00e9es seront trait\u00e9es conform\u00e9ment aux dispositions du R\u00e8glement (UE) 2016\/679 du 27 avril 2016 (GDPR) relatif \u00e0 la protection des personnes physiques \u00e0 l&#8217;\u00e9gard du traitement des donn\u00e9es \u00e0 caract\u00e8re personnel et \u00e0 la libre circulation de ces donn\u00e9es, raison pour laquelle les informations de traitement suivantes vous sont fournies:<\/p><p><strong>Objectif du traitement:<\/strong> entretenir une relation professionnelle (informative et\u00a0commerciale) avec l&#8217;utilisateur. Les op\u00e9rations pr\u00e9vues pour effectuer le\u00a0traitement sont les suivantes:\u00a0<\/p>\t\t\t\t\t\t<\/div>\n\t\t\t\t<\/div>\n\t\t\t\t<div class=\"elementor-element elementor-element-24587732 elementor-widget elementor-widget-text-editor\" data-id=\"24587732\" data-element_type=\"widget\" data-widget_type=\"text-editor.default\">\n\t\t\t\t<div class=\"elementor-widget-container\">\n\t\t\t\t\t\t\t<ul><li>Envoi de publicit\u00e9s commerciales et de communications informatives par\u00a0courrier \u00e9lectronique, fax, SMS, MMS, communaut\u00e9s sociales ou tout autre\u00a0moyen \u00e9lectronique ou physique, pr\u00e9sent ou futur, permettant des\u00a0communications commerciales. Ces communications seront effectu\u00e9es par\u00a0le RESPONSABLE et li\u00e9es \u00e0 ses produits et services, ou \u00e0 ceux de ses\u00a0collaborateurs ou fournisseurs avec lesquels il a conclu un accord\u00a0promotionnel. Dans ce cas, les tiers n&#8217;auront jamais acc\u00e8s aux donn\u00e9es\u00a0personnelles.<\/li><li>R\u00e9aliser des \u00e9tudes statistiques.<\/li><li>Traiter les commandes, les demandes ou tout type de requ\u00eate faite par\u00a0l&#8217;utilisateur \u00e0 travers l&#8217;un des formulaires de contact mis \u00e0 sa disposition.<\/li><li>Pour envoyer le bulletin d&#8217;information du site web.<\/li><li>Dans le cas o\u00f9 vous nous avez envoy\u00e9 votre CV, nous le traiterons afin de\u00a0couvrir nos besoins en personnel.<\/li><\/ul>\t\t\t\t\t\t<\/div>\n\t\t\t\t<\/div>\n\t\t\t\t\t<\/div>\n\t\t<\/div>\n\t\t\t\t\t<\/div>\n\t\t<\/section>\n\t\t\t\t<div class=\"elementor-element elementor-element-430bc7eb elementor-widget elementor-widget-text-editor\" data-id=\"430bc7eb\" data-element_type=\"widget\" data-widget_type=\"text-editor.default\">\n\t\t\t\t<div class=\"elementor-widget-container\">\n\t\t\t\t\t\t\t<p><strong>Crit\u00e8res de conservation des donn\u00e9es:<\/strong> seront conserv\u00e9es aussi longtemps qu&#8217;il\u00a0existe un int\u00e9r\u00eat mutuel \u00e0 maintenir la finalit\u00e9 du traitement et lorsqu&#8217;elles ne\u00a0seront plus n\u00e9cessaires \u00e0 cette finalit\u00e9, elles seront supprim\u00e9es avec des mesures\u00a0de s\u00e9curit\u00e9 appropri\u00e9es pour assurer la pseudonymisation des donn\u00e9es ou la\u00a0destruction totale des donn\u00e9es. Ces crit\u00e8res sont \u00e9galement valables pour les\u00a0programmes d&#8217;\u00e9tudes, en garantissant le respect total de leur confidentialit\u00e9 tant\u00a0lors du traitement que lors de leur destruction ult\u00e9rieure.<\/p><p><strong>Communication des donn\u00e9es:<\/strong> seules les donn\u00e9es des programmes d&#8217;\u00e9tudes\u00a0seront communiqu\u00e9es aux entreprises tierces impliqu\u00e9es dans les processus de\u00a0s\u00e9lection. Pour le reste des donn\u00e9es que nous collectons, aucune donn\u00e9e ne sera\u00a0communiqu\u00e9e, sauf en cas d&#8217;obligation l\u00e9gale.<\/p><p><strong>Droits de l&#8217;utilisateur:<\/strong><\/p>\t\t\t\t\t\t<\/div>\n\t\t\t\t<\/div>\n\t\t\t\t<div class=\"elementor-element elementor-element-35e2a5a4 elementor-widget elementor-widget-text-editor\" data-id=\"35e2a5a4\" data-element_type=\"widget\" data-widget_type=\"text-editor.default\">\n\t\t\t\t<div class=\"elementor-widget-container\">\n\t\t\t\t\t\t\t<ul><li>Le droit de retirer le consentement \u00e0 tout moment.<\/li><li>Droit d&#8217;acc\u00e8s, de rectification, de portabilit\u00e9 et d&#8217;effacement de vos donn\u00e9es\u00a0et de limitation ou d&#8217;opposition \u00e0 leur traitement.<\/li><li>Le droit d&#8217;introduire une plainte aupr\u00e8s de l&#8217;autorit\u00e9 de surveillance\u00a0(agpd.es) si vous estimez que le traitement n&#8217;est pas conforme \u00e0 la\u00a0l\u00e9gislation en vigueur.<\/li><\/ul>\t\t\t\t\t\t<\/div>\n\t\t\t\t<\/div>\n\t\t\t\t<div class=\"elementor-element elementor-element-677f1310 elementor-widget elementor-widget-text-editor\" data-id=\"677f1310\" data-element_type=\"widget\" data-widget_type=\"text-editor.default\">\n\t\t\t\t<div class=\"elementor-widget-container\">\n\t\t\t\t\t\t\t<p>Coordonn\u00e9es<strong> pour exercer vos droits :<br \/><\/strong><\/p><p><strong>Adresse<\/strong>: B2B SOLUTIONS, SLU. Calle Velazquez, 157 1 \u2013 28002 Madrid (MADRID). <br \/><strong>Email:<\/strong> dataprotection@b2b.solutions<\/p><h4>2. LE CARACT\u00c8RE OBLIGATOIRE OU FACULTATIF DES INFORMATIONS FOURNIES PAR\u00a0L&#8217;UTILISATEUR<\/h4><p>Les utilisateurs, en cochant les cases correspondantes et en introduisant des donn\u00e9es\u00a0dans les formulaires de contact, de t\u00e9l\u00e9chargement ou autres, acceptent\u00a0express\u00e9ment et librement et sans \u00e9quivoque que leurs donn\u00e9es soient n\u00e9cessaires\u00a0pour r\u00e9pondre \u00e0 leur demande, par le prestataire. L&#8217;Utilisateur garantit que les\u00a0donn\u00e9es personnelles fournies au RESPONSABLE sont v\u00e9ridiques et est responsable de <br \/>la communication de toute modification de celles-ci. Le RESPONSABLE informe et\u00a0garantit express\u00e9ment aux utilisateurs que leurs donn\u00e9es personnelles ne seront en\u00a0aucun cas divulgu\u00e9es \u00e0 des tiers, et si n\u00e9cessaire, le consentement expr\u00e8s, inform\u00e9 et\u00a0sans \u00e9quivoque des Utilisateurs sera pr\u00e9alablement demand\u00e9.<\/p><h4>3. MESURES DE S\u00c9CURIT\u00c9<\/h4><p>Afin que, conform\u00e9ment aux dispositions de la r\u00e9glementation en vigueur en mati\u00e8re de protection des donn\u00e9es personnelles, le RESPONSABLE respecte toutes les dispositions de la r\u00e9glementation GDPR pour le traitement des donn\u00e9es personnelles sous sa responsabilit\u00e9, et de mani\u00e8re manifeste les principes d\u00e9crits \u00e0 l&#8217;article 5 du GDPR, selon lesquels elles sont trait\u00e9es de mani\u00e8re licite, loyale et transparente par rapport \u00e0 la personne concern\u00e9e et sont ad\u00e9quates, pertinentes et limit\u00e9es \u00e0 ce qui est n\u00e9cessaire par rapport aux finalit\u00e9s pour lesquelles elles sont trait\u00e9es.<\/p><p>Le RESPONSABLE garantit qu&#8217;il a mis en \u0153uvre des politiques techniques et organisationnelles appropri\u00e9es pour appliquer les mesures de s\u00e9curit\u00e9 \u00e9tablies par le GDPR afin de prot\u00e9ger les droits et libert\u00e9s des Utilisateurs et qu&#8217;il leur a communiqu\u00e9 les informations appropri\u00e9es pour qu&#8217;ils puissent les exercer.<\/p>\t\t\t\t\t\t<\/div>\n\t\t\t\t<\/div>\n\t\t\t\t\t<\/div>\n\t\t<\/div>\n\t\t\t\t\t<\/div>\n\t\t<\/section>\n\t\t\t\t<\/div>\n\t\t","protected":false},"excerpt":{"rendered":"<p>Politique de Confidentialit\u00e9 1. INFORMATIONS SUR L&#8217;UTILISATEUR B2B SOLUTIONS, SLU, ci-apr\u00e8s RESPONSABLE, est responsable du traitement des donn\u00e9es \u00e0 caract\u00e8re personnel de l&#8217;Utilisateur et vous informe que ces donn\u00e9es seront trait\u00e9es conform\u00e9ment aux dispositions du R\u00e8glement (UE) 2016\/679 du 27 avril 2016 (GDPR) relatif \u00e0 la protection des personnes physiques \u00e0 l&#8217;\u00e9gard du traitement des [&hellip;]<\/p>\n","protected":false},"author":1,"featured_media":0,"parent":0,"menu_order":1,"comment_status":"closed","ping_status":"closed","template":"","meta":{"footnotes":""},"_links":{"self":[{"href":"https:\/\/fr.b2b.systems\/index.php?rest_route=\/wp\/v2\/pages\/1023"}],"collection":[{"href":"https:\/\/fr.b2b.systems\/index.php?rest_route=\/wp\/v2\/pages"}],"about":[{"href":"https:\/\/fr.b2b.systems\/index.php?rest_route=\/wp\/v2\/types\/page"}],"author":[{"embeddable":true,"href":"https:\/\/fr.b2b.systems\/index.php?rest_route=\/wp\/v2\/users\/1"}],"replies":[{"embeddable":true,"href":"https:\/\/fr.b2b.systems\/index.php?rest_route=%2Fwp%2Fv2%2Fcomments&post=1023"}],"version-history":[{"count":7,"href":"https:\/\/fr.b2b.systems\/index.php?rest_route=\/wp\/v2\/pages\/1023\/revisions"}],"predecessor-version":[{"id":1199,"href":"https:\/\/fr.b2b.systems\/index.php?rest_route=\/wp\/v2\/pages\/1023\/revisions\/1199"}],"wp:attachment":[{"href":"https:\/\/fr.b2b.systems\/index.php?rest_route=%2Fwp%2Fv2%2Fmedia&parent=1023"}],"curies":[{"name":"wp","href":"https:\/\/api.w.org\/{rel}","templated":true}]}}