{"id":1005,"date":"2023-04-25T09:04:18","date_gmt":"2023-04-25T09:04:18","guid":{"rendered":"https:\/\/fr.b2b.systems\/?page_id=1005"},"modified":"2023-07-17T08:55:05","modified_gmt":"2023-07-17T08:55:05","slug":"informacion-legal","status":"publish","type":"page","link":"https:\/\/fr.b2b.systems\/?page_id=1005","title":{"rendered":"Informaci\u00f3n legal"},"content":{"rendered":"\t\t<div data-elementor-type=\"wp-page\" data-elementor-id=\"1005\" class=\"elementor elementor-1005\">\n\t\t\t\t\t\t<section class=\"elementor-section elementor-top-section elementor-element elementor-element-a127562 elementor-section-height-min-height elementor-section-full_width elementor-section-stretched elementor-section-height-default elementor-section-items-middle\" data-id=\"a127562\" data-element_type=\"section\" data-settings=\"{&quot;background_background&quot;:&quot;gradient&quot;,&quot;stretch_section&quot;:&quot;section-stretched&quot;}\">\n\t\t\t\t\t\t\t<div class=\"elementor-background-overlay\"><\/div>\n\t\t\t\t\t\t\t<div class=\"elementor-container elementor-column-gap-default\">\n\t\t\t\t\t<div class=\"elementor-column elementor-col-100 elementor-top-column elementor-element elementor-element-98d703a\" data-id=\"98d703a\" data-element_type=\"column\">\n\t\t\t<div class=\"elementor-widget-wrap elementor-element-populated\">\n\t\t\t\t\t\t<div class=\"elementor-element elementor-element-6b7382a elementor-widget elementor-widget-heading\" data-id=\"6b7382a\" data-element_type=\"widget\" data-widget_type=\"heading.default\">\n\t\t\t\t<div class=\"elementor-widget-container\">\n\t\t\t<style>\/*! elementor - v3.21.0 - 26-05-2024 *\/\n.elementor-heading-title{padding:0;margin:0;line-height:1}.elementor-widget-heading .elementor-heading-title[class*=elementor-size-]>a{color:inherit;font-size:inherit;line-height:inherit}.elementor-widget-heading .elementor-heading-title.elementor-size-small{font-size:15px}.elementor-widget-heading .elementor-heading-title.elementor-size-medium{font-size:19px}.elementor-widget-heading .elementor-heading-title.elementor-size-large{font-size:29px}.elementor-widget-heading .elementor-heading-title.elementor-size-xl{font-size:39px}.elementor-widget-heading .elementor-heading-title.elementor-size-xxl{font-size:59px}<\/style><h2 class=\"elementor-heading-title elementor-size-large\">Information L\u00e9gale<\/h2>\t\t<\/div>\n\t\t\t\t<\/div>\n\t\t\t\t\t<\/div>\n\t\t<\/div>\n\t\t\t\t\t<\/div>\n\t\t<\/section>\n\t\t\t\t<section class=\"elementor-section elementor-top-section elementor-element elementor-element-11c9dabd elementor-section-stretched elementor-section-boxed elementor-section-height-default elementor-section-height-default\" data-id=\"11c9dabd\" data-element_type=\"section\" data-settings=\"{&quot;stretch_section&quot;:&quot;section-stretched&quot;}\">\n\t\t\t\t\t\t<div class=\"elementor-container elementor-column-gap-default\">\n\t\t\t\t\t<div class=\"elementor-column elementor-col-100 elementor-top-column elementor-element elementor-element-7dd8ae88\" data-id=\"7dd8ae88\" data-element_type=\"column\">\n\t\t\t<div class=\"elementor-widget-wrap elementor-element-populated\">\n\t\t\t\t\t\t<section class=\"elementor-section elementor-inner-section elementor-element elementor-element-7094431b elementor-section-boxed elementor-section-height-default elementor-section-height-default\" data-id=\"7094431b\" data-element_type=\"section\">\n\t\t\t\t\t\t<div class=\"elementor-container elementor-column-gap-default\">\n\t\t\t\t\t<div class=\"elementor-column elementor-col-100 elementor-inner-column elementor-element elementor-element-5666aada\" data-id=\"5666aada\" data-element_type=\"column\">\n\t\t\t<div class=\"elementor-widget-wrap elementor-element-populated\">\n\t\t\t\t\t\t<div class=\"elementor-element elementor-element-596ca65d elementor-widget elementor-widget-text-editor\" data-id=\"596ca65d\" data-element_type=\"widget\" data-widget_type=\"text-editor.default\">\n\t\t\t\t<div class=\"elementor-widget-container\">\n\t\t\t<style>\/*! elementor - v3.21.0 - 26-05-2024 *\/\n.elementor-widget-text-editor.elementor-drop-cap-view-stacked .elementor-drop-cap{background-color:#69727d;color:#fff}.elementor-widget-text-editor.elementor-drop-cap-view-framed .elementor-drop-cap{color:#69727d;border:3px solid;background-color:transparent}.elementor-widget-text-editor:not(.elementor-drop-cap-view-default) .elementor-drop-cap{margin-top:8px}.elementor-widget-text-editor:not(.elementor-drop-cap-view-default) .elementor-drop-cap-letter{width:1em;height:1em}.elementor-widget-text-editor .elementor-drop-cap{float:left;text-align:center;line-height:1;font-size:50px}.elementor-widget-text-editor .elementor-drop-cap-letter{display:inline-block}<\/style>\t\t\t\t<h4 class=\"Paragraph SCX143466353\">OBJECTIF ET ACCEPTATION<\/h4><p class=\"Paragraph SCX143466353\">Le pr\u00e9sent avis juridique r\u00e9git l&#8217;utilisation du site web http:\/\/fr.b2b.systems (ci-apr\u00e8s d\u00e9nomm\u00e9 le site web), propri\u00e9t\u00e9 de <strong>B2B SOLUTIONS, SLU<\/strong>, (ci-apr\u00e8s d\u00e9nomm\u00e9 le PROPRI\u00c9TAIRE DU SITE WEB).<\/p><p class=\"Paragraph SCX143466353\">La navigation \u00e0 travers le SITE WEB du PROPRI\u00c9TAIRE DU SITE WEB attribue la\u00a0condition d&#8217;utilisateur de celui-ci et implique l&#8217;acceptation pleine et sans r\u00e9serve de\u00a0chacune des dispositions incluses dans le pr\u00e9sent Avis L\u00e9gal, qui peut subir des\u00a0modifications.<\/p><p class=\"Paragraph SCX143466353\">L&#8217;utilisateur s&#8217;engage \u00e0 faire un usage correct du SITE WEB conform\u00e9ment aux lois, \u00e0 la\u00a0bonne foi, \u00e0 l&#8217;ordre public, aux usages de la circulation et au pr\u00e9sent avis juridique.\u00a0L&#8217;utilisateur sera responsable \u00e0 l&#8217;\u00e9gard du PROPRI\u00c9TAIRE DU SITE ou de tiers de tous\u00a0les dommages qui pourraient \u00eatre caus\u00e9s \u00e0 la suite d&#8217;une violation de cette obligation.<\/p><h4 class=\"Paragraph SCX143466353\"><span style=\"font-family: 'Inter var', -apple-system, BlinkMacSystemFont, 'Helvetica Neue', Helvetica, sans-serif; font-size: 3.2rem; letter-spacing: -0.0415625em; text-align: inherit;\">IDENTIFICATION ET COMMUNICATIONS \u00a0 \u00a0 \u00a0 \u00a0 \u00a0 \u00a0 \u00a0 \u00a0\u00a0<\/span><\/h4><p>Conform\u00e9ment aux dispositions de l&#8217;art. 10de la Loi 34\/2002, du 11 juillet, des services\u00a0de la soci\u00e9t\u00e9 de l&#8217;information et du commerce \u00e9lectronique, nous vous informons que :<\/p><p>LE SITE WEB appartient \u00e0 <strong>B2B SOLUTIONS, SLU<\/strong>, avec CIF : B-86954567, et adresse \u00e0 C\/\u00a0Vel\u00e1zquez 157, 1\u00aa Planta, 28002 Madrid.<\/p><p>LE PROPRI\u00c9TAIRE DU SITE vous informe que l&#8217;objectif du SITE est de fournir \u00e0 ses\u00a0clients, et au public en g\u00e9n\u00e9ral, des informations sur la Soci\u00e9t\u00e9, les services offerts et\u00a0les produits commercialis\u00e9s, ainsi que toute autre information que LE PROPRI\u00c9TAIRE\u00a0DU SITE juge pertinente pour l&#8217;exercice de son activit\u00e9.<\/p><p>Aux fins de communication avec le PROPRI\u00c9TAIRE DU SITE WEB, vous pouvez vous\u00a0adresser \u00e0 l&#8217;adresse ci-dessus ou \u00e0 l&#8217;adresse \u00e9lectronique <strong>info@b2b.solutions<\/strong>. Le\u00a0PROPRI\u00c9TAIRE DU SITE WEB s&#8217;engage \u00e0 ne pas transf\u00e9rer, vendre ou partager les\u00a0donn\u00e9es avec des tiers sans votre accord expr\u00e8s.<\/p><p>Toutes les notifications et communications entre les utilisateurs et le PROPRI\u00c9TAIRE\u00a0DU SITE WEB seront consid\u00e9r\u00e9es comme effectives, \u00e0 toutes fins utiles, lorsqu&#8217;elles\u00a0seront effectu\u00e9es par les moyens d\u00e9taill\u00e9s ci-dessus.<\/p><h4>CONDITIONS D&#8217;ACCES ETD\u2019UTILISATION<\/h4><p>Le SITE et ses services sont d&#8217;acc\u00e8s libre et gratuit, cependant, LE PROPRI\u00c9TAIRE DU\u00a0SITE peut conditionner l&#8217;utilisation de certains des services offerts sur le SITE au\u00a0remplissage pr\u00e9alable du formulaire correspondant et \u00e0 l&#8217;autorisation ult\u00e9rieure.<\/p><p>L&#8217;utilisateur garantit l&#8217;authenticit\u00e9 et l&#8217;actualit\u00e9 de toutes les donn\u00e9es communiqu\u00e9es au PROPRI\u00c9TAIRE DU SITE WEB et sera seul responsable de toute d\u00e9claration fausse ou inexacte. L&#8217;utilisateur s&#8217;engage express\u00e9ment \u00e0 faire un usage appropri\u00e9 des contenus <br \/>et services du PROPRI\u00c9TAIRE DU SITE WEB et \u00e0 ne pas les utiliser, entre autres, pour:<\/p>\t\t\t\t\t\t<\/div>\n\t\t\t\t<\/div>\n\t\t\t\t<div class=\"elementor-element elementor-element-48c7c329 elementor-widget elementor-widget-text-editor\" data-id=\"48c7c329\" data-element_type=\"widget\" data-widget_type=\"text-editor.default\">\n\t\t\t\t<div class=\"elementor-widget-container\">\n\t\t\t\t\t\t\t<p>a) Diffuser des contenus, criminels, violents, pornographiques, racistes,\u00a0x\u00e9nophobes, offensants, faisant \u00e9tat de terrorisme ou, en g\u00e9n\u00e9ral, contraires \u00e0\u00a0la loi ou \u00e0 l&#8217;ordre public.<\/p><p>b) Introduire dans le r\u00e9seau des virus informatiques ou r\u00e9aliser des actions\u00a0susceptibles d&#8217;alt\u00e9rer, d&#8217;endommager, d&#8217;interrompre ou de g\u00e9n\u00e9rer des erreurs\u00a0ou des dommages aux documents \u00e9lectroniques, aux donn\u00e9es ou aux syst\u00e8mes\u00a0physiques et logiques du PROPRI\u00c9TAIRE DU SITE WEB ou de tiers ; ainsi que faire obstacle \u00e0 l&#8217;acc\u00e8s d&#8217;autres utilisateurs au SITE WEB et \u00e0 ses services par la\u00a0consommation massive de ressources informatiques \u00e0 travers lesquelles le\u00a0PROPRI\u00c9TAIRE DU SITE WEB fournit ses services.<\/p><p>c) Tenter d&#8217;acc\u00e9der aux comptes de courrier \u00e9lectronique d&#8217;autres utilisateurs\u00a0ou \u00e0 des zones \u00e0 acc\u00e8s restreint des syst\u00e8mes informatiques du PROPRI\u00c9TAIRE\u00a0DU SITE WEB ou de tiers et, le cas \u00e9ch\u00e9ant, en extraire des informations.<span style=\"font-size: inherit; text-align: inherit; color: var( --e-global-color-text );\">\u00a0<\/span><\/p><p>d) Violer les droits de propri\u00e9t\u00e9 intellectuelle ou industrielle, ainsi que violer la\u00a0confidentialit\u00e9 des informations du PROPRI\u00c9TAIRE DU SITE WEB ou de tiers.<\/p><p>e) usurper l&#8217;identit\u00e9 d&#8217;un autre utilisateur, des administrations publiques ou\u00a0d&#8217;un tiers.<\/p><p>f) Reproduire, copier, distribuer, mettre \u00e0 disposition ou communiquer\u00a0publiquement, transformer ou modifier les contenus, sauf si vous avez\u00a0l&#8217;autorisation du titulaire des droits correspondants ou si cela est l\u00e9galement\u00a0autoris\u00e9.<\/p><p>g) Recueillir des donn\u00e9es \u00e0 des fins publicitaires et envoyer des publicit\u00e9s de\u00a0toute nature et des communications \u00e0 des fins de vente ou \u00e0 d&#8217;autres fins\u00a0commerciales sans demande ou consentement pr\u00e9alable.<\/p><p>\u00a0<\/p>\t\t\t\t\t\t<\/div>\n\t\t\t\t<\/div>\n\t\t\t\t<div class=\"elementor-element elementor-element-54066bad elementor-widget elementor-widget-text-editor\" data-id=\"54066bad\" data-element_type=\"widget\" data-widget_type=\"text-editor.default\">\n\t\t\t\t<div class=\"elementor-widget-container\">\n\t\t\t\t\t\t\t<p>Tous les contenus du SITE, tels que les textes, les photographies, les graphiques, les images, les ic\u00f4nes, la technologie, le logiciel, ainsi que sa conception graphique et ses\u00a0codes sources, constituent une \u0153uvre dont la propri\u00e9t\u00e9 appartient au PROPRI\u00c9TAIRE\u00a0DU SITE, et aucun des droits d&#8217;exploitation de celle-ci ne peut \u00eatre compris comme\u00a0\u00e9tant transf\u00e9r\u00e9 \u00e0 l&#8217;utilisateur au-del\u00e0 de ce qui est strictement n\u00e9cessaire pour\u00a0l&#8217;utilisation correcte du SITE.<\/p><p>En somme, les utilisateurs qui acc\u00e8dent au SITE WEB peuvent visualiser les contenus et\u00a0r\u00e9aliser, le cas \u00e9ch\u00e9ant, des copies priv\u00e9es autoris\u00e9es, pour autant que les \u00e9l\u00e9ments\u00a0reproduits ne soient pas ensuite c\u00e9d\u00e9s \u00e0 des tiers, ni implant\u00e9s sur des serveurs\u00a0connect\u00e9s \u00e0 des r\u00e9seaux, ni soumis \u00e0 un quelconque type d&#8217;exploitation.<\/p><p>De m\u00eame, toutes les marques, noms commerciaux ou logos de toute sorte qui\u00a0apparaissent sur le SITE WEB sont la propri\u00e9t\u00e9 du PROPRI\u00c9TAIRE DU SITE WEB, sans\u00a0qu&#8217;il soit entendu que l&#8217;utilisation ou l&#8217;acc\u00e8s \u00e0 celui-ci donne \u00e0 l&#8217;utilisateur un\u00a0quelconque droit sur ceux-ci.<br \/><span style=\"color: var( --e-global-color-text ); font-size: inherit; text-align: inherit;\"><br \/>La distribution, la modification, le transfert ou la communication publique des\u00a0<\/span><span style=\"font-size: inherit; text-align: inherit; color: var( --e-global-color-text );\">contenus et tout autre acte qui n&#8217;a pas \u00e9t\u00e9 express\u00e9ment autoris\u00e9 par le titulaire des\u00a0<\/span><span style=\"font-size: inherit; text-align: inherit; color: var( --e-global-color-text );\">droits d&#8217;exploitation sont interdits.<\/span><\/p><p>L&#8217;\u00e9tablissement d&#8217;un hyperlien n&#8217;implique en aucun cas l&#8217;existence de relations entre\u00a0LE PROPRI\u00c9TAIRE DU SITE WEB et le propri\u00e9taire du site web dans lequel il est \u00e9tabli, ni\u00a0l&#8217;acceptation et l&#8217;approbation par LE PROPRI\u00c9TAIRE DU SITE WEB de ses contenus ou\u00a0services. Ceux qui ont l&#8217;intention d&#8217;\u00e9tablir un hyperlien doivent d&#8217;abord demander\u00a0l&#8217;autorisation \u00e9crite du PROPRI\u00c9TAIRE DU SITE WEB. Dans tous les cas, l&#8217;hyperlien ne\u00a0permettra que l&#8217;acc\u00e8s \u00e0 la page d&#8217;accueil ou \u00e0 la page d&#8217;accueil du SITE WEB, doit\u00a0\u00e9galement s&#8217;abstenir de faire des d\u00e9clarations ou des indications fausses, inexactes ou\u00a0incorrectes sur le PROPRI\u00c9TAIRE DU SITE WEB, ou inclure des contenus ill\u00e9gaux, <br \/>contraires \u00e0 la morale et \u00e0 l&#8217;ordre public.\u00a0<\/p><p>Le PROPRI\u00c9TAIRE DU SITE WEB n&#8217;est en aucun cas responsable de l&#8217;utilisation que\u00a0chaque utilisateur fait des mat\u00e9riaux mis \u00e0 disposition sur le SITE WEB ou des actions\u00a0r\u00e9alis\u00e9es sur la base de ces derniers.<\/p><h4 style=\"font-weight: 300;\"><b><strong>EXCLUSION DE GARANTIE ET DE RESPONSABILIT\u00c9 \u00a0<\/strong><\/b><\/h4><p style=\"font-weight: 400;\">Le contenu du SITE est de nature g\u00e9n\u00e9rale et a un but purement informatif, sans\u00a0garantir pleinement l&#8217;acc\u00e8s \u00e0 tous les contenus, ni leur exhaustivit\u00e9, leur exactitude,\u00a0leur validit\u00e9 ou leur actualit\u00e9, ni leur ad\u00e9quation ou leur utilit\u00e9 pour un objectif pr\u00e9cis.<\/p><p style=\"font-weight: 400;\">LE PROPRI\u00c9TAIRE DU SITE WEB exclut, dans la mesure o\u00f9 la loi le permet, toute\u00a0responsabilit\u00e9 pour les dommages de toute nature r\u00e9sultant de:<\/p>\t\t\t\t\t\t<\/div>\n\t\t\t\t<\/div>\n\t\t\t\t<div class=\"elementor-element elementor-element-3bc7f487 elementor-widget elementor-widget-text-editor\" data-id=\"3bc7f487\" data-element_type=\"widget\" data-widget_type=\"text-editor.default\">\n\t\t\t\t<div class=\"elementor-widget-container\">\n\t\t\t\t\t\t\t<p>a) L&#8217;impossibilit\u00e9 d&#8217;acc\u00e9der au SITE ou le manque de v\u00e9racit\u00e9, d&#8217;exactitude,\u00a0d&#8217;exhaustivit\u00e9 et\/ou d&#8217;actualit\u00e9 des contenus, ainsi que l&#8217;existence de vices et\u00a0de d\u00e9fauts de toute nature dans les contenus transmis, diffus\u00e9s, stock\u00e9s, mis \u00e0\u00a0la disposition de ceux qui ont acc\u00e9d\u00e9 par le biais du SITE ou des services offerts.<\/p><p>b) La pr\u00e9sence de virus ou d&#8217;autres \u00e9l\u00e9ments dans les contenus qui peuvent\u00a0provoquer des modifications dans les syst\u00e8mes informatiques, les documents\u00a0\u00e9lectroniques ou les donn\u00e9es des utilisateurs.<\/p><p>c) Le non-respect des lois, de la bonne foi, de l&#8217;ordre public, des usages en\u00a0mati\u00e8re de circulation et du pr\u00e9sent avis juridique en raison d&#8217;une utilisation\u00a0incorrecte du SITE WEB.<\/p>\t\t\t\t\t\t<\/div>\n\t\t\t\t<\/div>\n\t\t\t\t\t<\/div>\n\t\t<\/div>\n\t\t\t\t\t<\/div>\n\t\t<\/section>\n\t\t\t\t<div class=\"elementor-element elementor-element-6796d4dd elementor-widget elementor-widget-text-editor\" data-id=\"6796d4dd\" data-element_type=\"widget\" data-widget_type=\"text-editor.default\">\n\t\t\t\t<div class=\"elementor-widget-container\">\n\t\t\t\t\t\t\t<p style=\"font-weight: 400;\">En particulier, et \u00e0 titre d&#8217;exemple, LE PROPRI\u00c9TAIRE DU SITE WEB n&#8217;est en aucun cas\u00a0responsable des actions de tiers qui violent les droits de propri\u00e9t\u00e9 intellectuelle et\u00a0industrielle, les secrets commerciaux, les droits \u00e0 l&#8217;honneur, l&#8217;intimit\u00e9 personnelle et\u00a0familiale et l&#8217;image de soi, ainsi que les r\u00e8gles sur la concurrence d\u00e9loyale et la\u00a0publicit\u00e9 ill\u00e9gale.<\/p><p style=\"font-weight: 400;\">De m\u00eame, LE PROPRI\u00c9TAIRE DU SITE WEB d\u00e9cline toute responsabilit\u00e9 quant aux informations qui se trouvent en dehors de ce site et qui ne sont pas g\u00e9r\u00e9es directement par le webmaster de <strong>B2B SOLUTIONS, SLU<\/strong>. La fonction des liens qui apparaissent sur ce site est exclusivement d&#8217;informer l&#8217;utilisateur de l&#8217;existence d&#8217;autres sources susceptibles d&#8217;\u00e9largir le contenu offert par ce site. LE PROPRI\u00c9TAIRE DU SITE WEB ne garantit pas et ne se porte pas garant du fonctionnement ou de l&#8217;accessibilit\u00e9 des sites li\u00e9s ; il ne sugg\u00e8re, n&#8217;invite ou ne recommande pas leur visite, et ne sera en aucun cas responsable des r\u00e9sultats obtenus. LE PROPRI\u00c9TAIRE DU SITE WEB n&#8217;est pas responsable de l&#8217;\u00e9tablissement d&#8217;hyperliens par des tiers.<\/p><h4><strong>PROC\u00c9DURE EN CAS D&#8217;ACTIVIT\u00c9S \u00c0 CARACT\u00c8RE ILL\u00c9GAL<\/strong><\/h4><p>Dans le cas o\u00f9 un utilisateur ou un tiers consid\u00e8re qu&#8217;il existe des faits ou des\u00a0circonstances qui r\u00e9v\u00e8lent le caract\u00e8re illicite de l&#8217;utilisation de tout contenu et\/ou de\u00a0la pratique de toute activit\u00e9 sur les pages web incluses ou accessibles \u00e0 travers LE SITE\u00a0WEB, vous devez envoyer une notification au PROPRI\u00c9TAIRE DU SITE WEB en vous\u00a0identifiant d\u00fbment, en pr\u00e9cisant les violations all\u00e9gu\u00e9es et en d\u00e9clarant express\u00e9ment <br \/>et sous votre responsabilit\u00e9 que les informations fournies dans la notification sont\u00a0exactes. Pour toutes les questions litigieuses concernant le site web du PROPRI\u00c9TAIRE\u00a0DU SITE WEB, s&#8217;appliquera le droit espagnol, \u00e9tant comp\u00e9tent les Cours et Tribunaux\u00a0de MADRID (Espagne).<\/p><h4>PUBLICATIONS<\/h4><p>Les informations administratives fournies par le site web ne dispensent pas de la\u00a0publicit\u00e9 l\u00e9gale des lois, r\u00e8glements, plans, dispositions g\u00e9n\u00e9rales et actes qui doivent \u00eatre formellement publi\u00e9s dans les journaux officiels des administrations publiques,\u00a0qui sont le seul instrument qui atteste de leur authenticit\u00e9 et de leur contenu.<\/p>\t\t\t\t\t\t<\/div>\n\t\t\t\t<\/div>\n\t\t\t\t\t<\/div>\n\t\t<\/div>\n\t\t\t\t\t<\/div>\n\t\t<\/section>\n\t\t\t\t<\/div>\n\t\t","protected":false},"excerpt":{"rendered":"<p>Information L\u00e9gale OBJECTIF ET ACCEPTATION Le pr\u00e9sent avis juridique r\u00e9git l&#8217;utilisation du site web http:\/\/fr.b2b.systems (ci-apr\u00e8s d\u00e9nomm\u00e9 le site web), propri\u00e9t\u00e9 de B2B SOLUTIONS, SLU, (ci-apr\u00e8s d\u00e9nomm\u00e9 le PROPRI\u00c9TAIRE DU SITE WEB). La navigation \u00e0 travers le SITE WEB du PROPRI\u00c9TAIRE DU SITE WEB attribue la\u00a0condition d&#8217;utilisateur de celui-ci et implique l&#8217;acceptation pleine et sans [&hellip;]<\/p>\n","protected":false},"author":1,"featured_media":0,"parent":0,"menu_order":1,"comment_status":"closed","ping_status":"closed","template":"","meta":{"footnotes":""},"_links":{"self":[{"href":"https:\/\/fr.b2b.systems\/index.php?rest_route=\/wp\/v2\/pages\/1005"}],"collection":[{"href":"https:\/\/fr.b2b.systems\/index.php?rest_route=\/wp\/v2\/pages"}],"about":[{"href":"https:\/\/fr.b2b.systems\/index.php?rest_route=\/wp\/v2\/types\/page"}],"author":[{"embeddable":true,"href":"https:\/\/fr.b2b.systems\/index.php?rest_route=\/wp\/v2\/users\/1"}],"replies":[{"embeddable":true,"href":"https:\/\/fr.b2b.systems\/index.php?rest_route=%2Fwp%2Fv2%2Fcomments&post=1005"}],"version-history":[{"count":16,"href":"https:\/\/fr.b2b.systems\/index.php?rest_route=\/wp\/v2\/pages\/1005\/revisions"}],"predecessor-version":[{"id":1195,"href":"https:\/\/fr.b2b.systems\/index.php?rest_route=\/wp\/v2\/pages\/1005\/revisions\/1195"}],"wp:attachment":[{"href":"https:\/\/fr.b2b.systems\/index.php?rest_route=%2Fwp%2Fv2%2Fmedia&parent=1005"}],"curies":[{"name":"wp","href":"https:\/\/api.w.org\/{rel}","templated":true}]}}